{"id":1429,"date":"2025-05-13T10:33:45","date_gmt":"2025-05-13T10:33:45","guid":{"rendered":"https:\/\/duca-di-venezia.ms2.decms.eu\/?page_id=1429"},"modified":"2025-08-04T10:40:11","modified_gmt":"2025-08-04T10:40:11","slug":"master-suite","status":"publish","type":"page","link":"https:\/\/www.alducadivenezia.com\/it\/camere\/master-suite\/","title":{"rendered":"Master Suite"},"content":{"rendered":"<p data-start=\"159\" data-end=\"477\">La nostra <strong>Master Suite<\/strong> offre <strong>due camere matrimoniali<\/strong> accoglienti e ben arredate, perfette per famiglie o piccoli gruppi che desiderano pi\u00f9 spazio e comfort.<\/p>\n<p data-start=\"159\" data-end=\"477\">Con ambienti ampi e uno stile ispirato alla tradizione veneziana, la suite unisce praticit\u00e0 e atmosfera, per un soggiorno rilassante nel cuore della citt\u00e0.<\/p>\n","protected":false},"excerpt":{"rendered":"<p>La nostra Master Suite offre due camere matrimoniali accoglienti e ben arredate, perfette per famiglie o piccoli gruppi che desiderano pi\u00f9 spazio e comfort. Con ambienti ampi e uno stile ispirato alla tradizione veneziana, la suite unisce praticit\u00e0 e atmosfera, per un soggiorno rilassante nel cuore della citt\u00e0.<\/p>\n","protected":false},"author":12,"featured_media":1196,"parent":1434,"menu_order":15,"comment_status":"closed","ping_status":"closed","template":"template-single-room.php","meta":{"footnotes":""},"yoast_head":"<!-- This site is optimized with the Yoast SEO plugin v22.3 - https:\/\/yoast.com\/wordpress\/plugins\/seo\/ -->\n<title>Master Suite &#8211; Hotel al Duca di Venezia<\/title>\n<meta name=\"description\" content=\"La nostra Master Suite offre due camere matrimoniali accoglienti e ben arredate, perfette per famiglie o piccoli gruppi che desiderano pi\u00f9 spazio e comfort. Con ambienti ampi e uno stile ispirato alla tradizione veneziana, la suite unisce praticit\u00e0 e atmosfera, per un soggiorno rilassante nel cuore della citt\u00e0..\" \/>\n<meta name=\"robots\" content=\"index, follow, max-snippet:-1, max-image-preview:large, max-video-preview:-1\" \/>\n<link rel=\"canonical\" href=\"https:\/\/www.alducadivenezia.com\/it\/camere\/master-suite\/\" \/>\n<meta property=\"og:locale\" content=\"it_IT\" \/>\n<meta property=\"og:type\" content=\"article\" \/>\n<meta property=\"og:title\" content=\"Master Suite &#8211; Hotel al Duca di Venezia\" \/>\n<meta property=\"og:description\" content=\"La nostra Master Suite offre due camere matrimoniali accoglienti e ben arredate, perfette per famiglie o piccoli gruppi che desiderano pi\u00f9 spazio e comfort. Con ambienti ampi e uno stile ispirato alla tradizione veneziana, la suite unisce praticit\u00e0 e atmosfera, per un soggiorno rilassante nel cuore della citt\u00e0..\" \/>\n<meta property=\"og:url\" content=\"https:\/\/www.alducadivenezia.com\/it\/camere\/master-suite\/\" \/>\n<meta property=\"og:site_name\" content=\"Hotel al Duca di Venezia\" \/>\n<meta property=\"article:modified_time\" content=\"2025-08-04T10:40:11+00:00\" \/>\n<meta property=\"og:image\" content=\"https:\/\/www.alducadivenezia.com\/wp-content\/uploads\/sites\/241\/2025\/07\/20250615_1225301ga.jpg\" \/>\n\t<meta property=\"og:image:width\" content=\"1500\" \/>\n\t<meta property=\"og:image:height\" content=\"844\" \/>\n\t<meta property=\"og:image:type\" content=\"image\/jpeg\" \/>\n<meta name=\"twitter:card\" content=\"summary_large_image\" \/>\n<meta name=\"twitter:label1\" content=\"Tempo di lettura stimato\" \/>\n\t<meta name=\"twitter:data1\" content=\"1 minuto\" \/>\n<script type=\"application\/ld+json\" class=\"yoast-schema-graph\">{\"@context\":\"https:\/\/schema.org\",\"@graph\":[{\"@type\":\"WebPage\",\"@id\":\"https:\/\/www.alducadivenezia.com\/it\/camere\/master-suite\/\",\"url\":\"https:\/\/www.alducadivenezia.com\/it\/camere\/master-suite\/\",\"name\":\"Master Suite &#8211; Hotel al Duca di Venezia\",\"isPartOf\":{\"@id\":\"https:\/\/www.alducadivenezia.com\/it\/#website\"},\"primaryImageOfPage\":{\"@id\":\"https:\/\/www.alducadivenezia.com\/it\/camere\/master-suite\/#primaryimage\"},\"image\":{\"@id\":\"https:\/\/www.alducadivenezia.com\/it\/camere\/master-suite\/#primaryimage\"},\"thumbnailUrl\":\"https:\/\/www.alducadivenezia.com\/wp-content\/uploads\/sites\/241\/2025\/07\/20250615_1225301ga.jpg\",\"datePublished\":\"2025-05-13T10:33:45+00:00\",\"dateModified\":\"2025-08-04T10:40:11+00:00\",\"description\":\"La nostra Master Suite offre due camere matrimoniali accoglienti e ben arredate, perfette per famiglie o piccoli gruppi che desiderano pi\u00f9 spazio e comfort. Con ambienti ampi e uno stile ispirato alla tradizione veneziana, la suite unisce praticit\u00e0 e atmosfera, per un soggiorno rilassante nel cuore della citt\u00e0. .\",\"breadcrumb\":{\"@id\":\"https:\/\/www.alducadivenezia.com\/it\/camere\/master-suite\/#breadcrumb\"},\"inLanguage\":\"it-IT\",\"potentialAction\":[{\"@type\":\"ReadAction\",\"target\":[\"https:\/\/www.alducadivenezia.com\/it\/camere\/master-suite\/\"]}]},{\"@type\":\"ImageObject\",\"inLanguage\":\"it-IT\",\"@id\":\"https:\/\/www.alducadivenezia.com\/it\/camere\/master-suite\/#primaryimage\",\"url\":\"https:\/\/www.alducadivenezia.com\/wp-content\/uploads\/sites\/241\/2025\/07\/20250615_1225301ga.jpg\",\"contentUrl\":\"https:\/\/www.alducadivenezia.com\/wp-content\/uploads\/sites\/241\/2025\/07\/20250615_1225301ga.jpg\",\"width\":1500,\"height\":844},{\"@type\":\"BreadcrumbList\",\"@id\":\"https:\/\/www.alducadivenezia.com\/it\/camere\/master-suite\/#breadcrumb\",\"itemListElement\":[{\"@type\":\"ListItem\",\"position\":1,\"name\":\"Home\",\"item\":\"https:\/\/www.alducadivenezia.com\/it\/\"},{\"@type\":\"ListItem\",\"position\":2,\"name\":\"Camere\",\"item\":\"https:\/\/www.alducadivenezia.com\/it\/camere\/\"},{\"@type\":\"ListItem\",\"position\":3,\"name\":\"Master Suite\"}]},{\"@type\":\"WebSite\",\"@id\":\"https:\/\/www.alducadivenezia.com\/it\/#website\",\"url\":\"https:\/\/www.alducadivenezia.com\/it\/\",\"name\":\"Hotel al Duca di Venezia\",\"description\":\"Book a deluxe hotel In the historic center of Venice\",\"publisher\":{\"@id\":\"https:\/\/www.alducadivenezia.com\/it\/#organization\"},\"alternateName\":\"Hotel al Duca di Venezia\",\"potentialAction\":[{\"@type\":\"SearchAction\",\"target\":{\"@type\":\"EntryPoint\",\"urlTemplate\":\"https:\/\/www.alducadivenezia.com\/it\/?s={search_term_string}\"},\"query-input\":\"required name=search_term_string\"}],\"inLanguage\":\"it-IT\"},{\"@type\":\"Organization\",\"@id\":\"https:\/\/www.alducadivenezia.com\/it\/#organization\",\"name\":\"Hotel al Duca di Venezia\",\"alternateName\":\"Hotel al Duca di Venezia\",\"url\":\"https:\/\/www.alducadivenezia.com\/it\/\",\"logo\":{\"@type\":\"ImageObject\",\"inLanguage\":\"it-IT\",\"@id\":\"https:\/\/www.alducadivenezia.com\/it\/#\/schema\/logo\/image\/\",\"url\":\"https:\/\/duca-di-venezia.ms2.decms.eu\/wp-content\/uploads\/sites\/241\/2025\/04\/Screenshot-2023-08-24-114029.png\",\"contentUrl\":\"https:\/\/duca-di-venezia.ms2.decms.eu\/wp-content\/uploads\/sites\/241\/2025\/04\/Screenshot-2023-08-24-114029.png\",\"width\":201,\"height\":323,\"caption\":\"Hotel al Duca di Venezia\"},\"image\":{\"@id\":\"https:\/\/www.alducadivenezia.com\/it\/#\/schema\/logo\/image\/\"},\"sameAs\":[\"https:\/\/www.instagram.com\/hotelalducadivenezia\/\"]}]}<\/script>\n<!-- \/ Yoast SEO plugin. -->","yoast_head_json":{"title":"Master Suite &#8211; Hotel al Duca di Venezia","description":"La nostra Master Suite offre due camere matrimoniali accoglienti e ben arredate, perfette per famiglie o piccoli gruppi che desiderano pi\u00f9 spazio e comfort. Con ambienti ampi e uno stile ispirato alla tradizione veneziana, la suite unisce praticit\u00e0 e atmosfera, per un soggiorno rilassante nel cuore della citt\u00e0..","robots":{"index":"index","follow":"follow","max-snippet":"max-snippet:-1","max-image-preview":"max-image-preview:large","max-video-preview":"max-video-preview:-1"},"canonical":"https:\/\/www.alducadivenezia.com\/it\/camere\/master-suite\/","og_locale":"it_IT","og_type":"article","og_title":"Master Suite &#8211; Hotel al Duca di Venezia","og_description":"La nostra Master Suite offre due camere matrimoniali accoglienti e ben arredate, perfette per famiglie o piccoli gruppi che desiderano pi\u00f9 spazio e comfort. Con ambienti ampi e uno stile ispirato alla tradizione veneziana, la suite unisce praticit\u00e0 e atmosfera, per un soggiorno rilassante nel cuore della citt\u00e0..","og_url":"https:\/\/www.alducadivenezia.com\/it\/camere\/master-suite\/","og_site_name":"Hotel al Duca di Venezia","article_modified_time":"2025-08-04T10:40:11+00:00","og_image":[{"width":1500,"height":844,"url":"https:\/\/www.alducadivenezia.com\/wp-content\/uploads\/sites\/241\/2025\/07\/20250615_1225301ga.jpg","type":"image\/jpeg"}],"twitter_card":"summary_large_image","twitter_misc":{"Tempo di lettura stimato":"1 minuto"},"schema":{"@context":"https:\/\/schema.org","@graph":[{"@type":"WebPage","@id":"https:\/\/www.alducadivenezia.com\/it\/camere\/master-suite\/","url":"https:\/\/www.alducadivenezia.com\/it\/camere\/master-suite\/","name":"Master Suite &#8211; Hotel al Duca di Venezia","isPartOf":{"@id":"https:\/\/www.alducadivenezia.com\/it\/#website"},"primaryImageOfPage":{"@id":"https:\/\/www.alducadivenezia.com\/it\/camere\/master-suite\/#primaryimage"},"image":{"@id":"https:\/\/www.alducadivenezia.com\/it\/camere\/master-suite\/#primaryimage"},"thumbnailUrl":"https:\/\/www.alducadivenezia.com\/wp-content\/uploads\/sites\/241\/2025\/07\/20250615_1225301ga.jpg","datePublished":"2025-05-13T10:33:45+00:00","dateModified":"2025-08-04T10:40:11+00:00","description":"La nostra Master Suite offre due camere matrimoniali accoglienti e ben arredate, perfette per famiglie o piccoli gruppi che desiderano pi\u00f9 spazio e comfort. Con ambienti ampi e uno stile ispirato alla tradizione veneziana, la suite unisce praticit\u00e0 e atmosfera, per un soggiorno rilassante nel cuore della citt\u00e0. .","breadcrumb":{"@id":"https:\/\/www.alducadivenezia.com\/it\/camere\/master-suite\/#breadcrumb"},"inLanguage":"it-IT","potentialAction":[{"@type":"ReadAction","target":["https:\/\/www.alducadivenezia.com\/it\/camere\/master-suite\/"]}]},{"@type":"ImageObject","inLanguage":"it-IT","@id":"https:\/\/www.alducadivenezia.com\/it\/camere\/master-suite\/#primaryimage","url":"https:\/\/www.alducadivenezia.com\/wp-content\/uploads\/sites\/241\/2025\/07\/20250615_1225301ga.jpg","contentUrl":"https:\/\/www.alducadivenezia.com\/wp-content\/uploads\/sites\/241\/2025\/07\/20250615_1225301ga.jpg","width":1500,"height":844},{"@type":"BreadcrumbList","@id":"https:\/\/www.alducadivenezia.com\/it\/camere\/master-suite\/#breadcrumb","itemListElement":[{"@type":"ListItem","position":1,"name":"Home","item":"https:\/\/www.alducadivenezia.com\/it\/"},{"@type":"ListItem","position":2,"name":"Camere","item":"https:\/\/www.alducadivenezia.com\/it\/camere\/"},{"@type":"ListItem","position":3,"name":"Master Suite"}]},{"@type":"WebSite","@id":"https:\/\/www.alducadivenezia.com\/it\/#website","url":"https:\/\/www.alducadivenezia.com\/it\/","name":"Hotel al Duca di Venezia","description":"Book a deluxe hotel In the historic center of Venice","publisher":{"@id":"https:\/\/www.alducadivenezia.com\/it\/#organization"},"alternateName":"Hotel al Duca di Venezia","potentialAction":[{"@type":"SearchAction","target":{"@type":"EntryPoint","urlTemplate":"https:\/\/www.alducadivenezia.com\/it\/?s={search_term_string}"},"query-input":"required name=search_term_string"}],"inLanguage":"it-IT"},{"@type":"Organization","@id":"https:\/\/www.alducadivenezia.com\/it\/#organization","name":"Hotel al Duca di Venezia","alternateName":"Hotel al Duca di Venezia","url":"https:\/\/www.alducadivenezia.com\/it\/","logo":{"@type":"ImageObject","inLanguage":"it-IT","@id":"https:\/\/www.alducadivenezia.com\/it\/#\/schema\/logo\/image\/","url":"https:\/\/duca-di-venezia.ms2.decms.eu\/wp-content\/uploads\/sites\/241\/2025\/04\/Screenshot-2023-08-24-114029.png","contentUrl":"https:\/\/duca-di-venezia.ms2.decms.eu\/wp-content\/uploads\/sites\/241\/2025\/04\/Screenshot-2023-08-24-114029.png","width":201,"height":323,"caption":"Hotel al Duca di Venezia"},"image":{"@id":"https:\/\/www.alducadivenezia.com\/it\/#\/schema\/logo\/image\/"},"sameAs":["https:\/\/www.instagram.com\/hotelalducadivenezia\/"]}]}},"acf":[],"_links":{"self":[{"href":"https:\/\/www.alducadivenezia.com\/it\/wp-json\/wp\/v2\/pages\/1429"}],"collection":[{"href":"https:\/\/www.alducadivenezia.com\/it\/wp-json\/wp\/v2\/pages"}],"about":[{"href":"https:\/\/www.alducadivenezia.com\/it\/wp-json\/wp\/v2\/types\/page"}],"author":[{"embeddable":true,"href":"https:\/\/www.alducadivenezia.com\/it\/wp-json\/wp\/v2\/users\/12"}],"replies":[{"embeddable":true,"href":"https:\/\/www.alducadivenezia.com\/it\/wp-json\/wp\/v2\/comments?post=1429"}],"version-history":[{"count":0,"href":"https:\/\/www.alducadivenezia.com\/it\/wp-json\/wp\/v2\/pages\/1429\/revisions"}],"up":[{"embeddable":true,"href":"https:\/\/www.alducadivenezia.com\/it\/wp-json\/wp\/v2\/pages\/1434"}],"wp:featuredmedia":[{"embeddable":true,"href":"https:\/\/www.alducadivenezia.com\/it\/wp-json\/wp\/v2\/media\/1196"}],"wp:attachment":[{"href":"https:\/\/www.alducadivenezia.com\/it\/wp-json\/wp\/v2\/media?parent=1429"}],"curies":[{"name":"wp","href":"https:\/\/api.w.org\/{rel}","templated":true}]}}