{"id":1427,"date":"2025-05-13T10:33:45","date_gmt":"2025-05-13T10:33:45","guid":{"rendered":"https:\/\/duca-di-venezia.ms2.decms.eu\/?page_id=1427"},"modified":"2025-09-04T08:09:59","modified_gmt":"2025-09-04T08:09:59","slug":"master-suite","status":"publish","type":"page","link":"https:\/\/www.alducadivenezia.com\/fr\/chambres\/master-suite\/","title":{"rendered":"Suite Master"},"content":{"rendered":"<p data-start=\"112\" data-end=\"312\">Notre <strong>Suite Master<\/strong> comprend <strong>deux \u00e9l\u00e9gantes chambres doubles<\/strong>, ce qui en fait le choix id\u00e9al pour les familles ou les petits groupes \u00e0 la recherche d\u2019espace, de confort et d\u2019intimit\u00e9.<\/p>\n<p data-start=\"314\" data-end=\"481\">Gr\u00e2ce \u00e0 son agencement g\u00e9n\u00e9reux et son atmosph\u00e8re raffin\u00e9e, la Suite Master allie charme v\u00e9nitien et confort moderne \u2014 parfaite pour un s\u00e9jour relaxant et inoubliable.<\/p>\n","protected":false},"excerpt":{"rendered":"<p>Notre Suite Master comprend deux \u00e9l\u00e9gantes chambres doubles, ce qui en fait le choix id\u00e9al pour les familles ou les petits groupes \u00e0 la recherche d\u2019espace, de confort et d\u2019intimit\u00e9. Gr\u00e2ce \u00e0 son agencement g\u00e9n\u00e9reux et son atmosph\u00e8re raffin\u00e9e, la Suite Master allie charme v\u00e9nitien et confort moderne \u2014 parfaite pour un s\u00e9jour relaxant et [&hellip;]<\/p>\n","protected":false},"author":12,"featured_media":1194,"parent":1432,"menu_order":15,"comment_status":"closed","ping_status":"closed","template":"template-single-room.php","meta":{"footnotes":""},"class_list":["post-1427","page","type-page","status-publish","has-post-thumbnail","hentry"],"yoast_head":"<!-- This site is optimized with the Yoast SEO plugin v27.3 - https:\/\/yoast.com\/product\/yoast-seo-wordpress\/ -->\n<title>Suite Master &#8211; Hotel al Duca di Venezia<\/title>\n<meta name=\"description\" content=\"Notre Suite Master comprend deux \u00e9l\u00e9gantes chambres doubles, ce qui en fait le choix id\u00e9al pour les familles ou les petits groupes \u00e0 la recherche d\u2019espace, de confort et d\u2019intimit\u00e9. Gr\u00e2ce \u00e0 son agencement g\u00e9n\u00e9reux et son atmosph\u00e8re raffin\u00e9e, la Suite Master allie charme v\u00e9nitien et confort moderne \u2014 parfaite pour un s\u00e9jour relaxant et inoubliable..\" \/>\n<meta name=\"robots\" content=\"index, follow, max-snippet:-1, max-image-preview:large, max-video-preview:-1\" \/>\n<link rel=\"canonical\" href=\"https:\/\/www.alducadivenezia.com\/fr\/chambres\/master-suite\/\" \/>\n<meta property=\"og:locale\" content=\"fr_FR\" \/>\n<meta property=\"og:type\" content=\"article\" \/>\n<meta property=\"og:title\" content=\"Suite Master &#8211; Hotel al Duca di Venezia\" \/>\n<meta property=\"og:description\" content=\"Notre Suite Master comprend deux \u00e9l\u00e9gantes chambres doubles, ce qui en fait le choix id\u00e9al pour les familles ou les petits groupes \u00e0 la recherche d\u2019espace, de confort et d\u2019intimit\u00e9. Gr\u00e2ce \u00e0 son agencement g\u00e9n\u00e9reux et son atmosph\u00e8re raffin\u00e9e, la Suite Master allie charme v\u00e9nitien et confort moderne \u2014 parfaite pour un s\u00e9jour relaxant et inoubliable..\" \/>\n<meta property=\"og:url\" content=\"https:\/\/www.alducadivenezia.com\/fr\/chambres\/master-suite\/\" \/>\n<meta property=\"og:site_name\" content=\"Hotel al Duca di Venezia\" \/>\n<meta property=\"article:modified_time\" content=\"2025-09-04T08:09:59+00:00\" \/>\n<meta property=\"og:image\" content=\"https:\/\/www.alducadivenezia.com\/wp-content\/uploads\/sites\/241\/2025\/07\/20250615_1225301ga.jpg\" \/>\n\t<meta property=\"og:image:width\" content=\"1500\" \/>\n\t<meta property=\"og:image:height\" content=\"844\" \/>\n\t<meta property=\"og:image:type\" content=\"image\/jpeg\" \/>\n<meta name=\"twitter:card\" content=\"summary_large_image\" \/>\n<meta name=\"twitter:label1\" content=\"Dur\u00e9e de lecture estim\u00e9e\" \/>\n\t<meta name=\"twitter:data1\" content=\"1 minute\" \/>\n<script type=\"application\/ld+json\" class=\"yoast-schema-graph\">{\"@context\":\"https:\\\/\\\/schema.org\",\"@graph\":[{\"@type\":\"WebPage\",\"@id\":\"https:\\\/\\\/www.alducadivenezia.com\\\/fr\\\/chambres\\\/master-suite\\\/\",\"url\":\"https:\\\/\\\/www.alducadivenezia.com\\\/fr\\\/chambres\\\/master-suite\\\/\",\"name\":\"Suite Master &#8211; Hotel al Duca di Venezia\",\"isPartOf\":{\"@id\":\"https:\\\/\\\/www.alducadivenezia.com\\\/fr\\\/#website\"},\"primaryImageOfPage\":{\"@id\":\"https:\\\/\\\/www.alducadivenezia.com\\\/fr\\\/chambres\\\/master-suite\\\/#primaryimage\"},\"image\":{\"@id\":\"https:\\\/\\\/www.alducadivenezia.com\\\/fr\\\/chambres\\\/master-suite\\\/#primaryimage\"},\"thumbnailUrl\":\"https:\\\/\\\/www.alducadivenezia.com\\\/wp-content\\\/uploads\\\/sites\\\/241\\\/2025\\\/07\\\/20250615_1225301ga.jpg\",\"datePublished\":\"2025-05-13T10:33:45+00:00\",\"dateModified\":\"2025-09-04T08:09:59+00:00\",\"description\":\"Notre Suite Master comprend deux \u00e9l\u00e9gantes chambres doubles, ce qui en fait le choix id\u00e9al pour les familles ou les petits groupes \u00e0 la recherche d\u2019espace, de confort et d\u2019intimit\u00e9. Gr\u00e2ce \u00e0 son agencement g\u00e9n\u00e9reux et son atmosph\u00e8re raffin\u00e9e, la Suite Master allie charme v\u00e9nitien et confort moderne \u2014 parfaite pour un s\u00e9jour relaxant et inoubliable. .\",\"breadcrumb\":{\"@id\":\"https:\\\/\\\/www.alducadivenezia.com\\\/fr\\\/chambres\\\/master-suite\\\/#breadcrumb\"},\"inLanguage\":\"fr-FR\",\"potentialAction\":[{\"@type\":\"ReadAction\",\"target\":[\"https:\\\/\\\/www.alducadivenezia.com\\\/fr\\\/chambres\\\/master-suite\\\/\"]}]},{\"@type\":\"ImageObject\",\"inLanguage\":\"fr-FR\",\"@id\":\"https:\\\/\\\/www.alducadivenezia.com\\\/fr\\\/chambres\\\/master-suite\\\/#primaryimage\",\"url\":\"https:\\\/\\\/www.alducadivenezia.com\\\/wp-content\\\/uploads\\\/sites\\\/241\\\/2025\\\/07\\\/20250615_1225301ga.jpg\",\"contentUrl\":\"https:\\\/\\\/www.alducadivenezia.com\\\/wp-content\\\/uploads\\\/sites\\\/241\\\/2025\\\/07\\\/20250615_1225301ga.jpg\",\"width\":1500,\"height\":844},{\"@type\":\"BreadcrumbList\",\"@id\":\"https:\\\/\\\/www.alducadivenezia.com\\\/fr\\\/chambres\\\/master-suite\\\/#breadcrumb\",\"itemListElement\":[{\"@type\":\"ListItem\",\"position\":1,\"name\":\"Home\",\"item\":\"https:\\\/\\\/www.alducadivenezia.com\\\/fr\\\/\"},{\"@type\":\"ListItem\",\"position\":2,\"name\":\"Chambres\",\"item\":\"https:\\\/\\\/www.alducadivenezia.com\\\/fr\\\/chambres\\\/\"},{\"@type\":\"ListItem\",\"position\":3,\"name\":\"Suite Master\"}]},{\"@type\":\"WebSite\",\"@id\":\"https:\\\/\\\/www.alducadivenezia.com\\\/fr\\\/#website\",\"url\":\"https:\\\/\\\/www.alducadivenezia.com\\\/fr\\\/\",\"name\":\"Hotel al Duca di Venezia\",\"description\":\"Book a deluxe hotel In the historic center of Venice\",\"publisher\":{\"@id\":\"https:\\\/\\\/www.alducadivenezia.com\\\/fr\\\/#organization\"},\"alternateName\":\"Hotel al Duca di Venezia\",\"potentialAction\":[{\"@type\":\"SearchAction\",\"target\":{\"@type\":\"EntryPoint\",\"urlTemplate\":\"https:\\\/\\\/www.alducadivenezia.com\\\/fr\\\/?s={search_term_string}\"},\"query-input\":{\"@type\":\"PropertyValueSpecification\",\"valueRequired\":true,\"valueName\":\"search_term_string\"}}],\"inLanguage\":\"fr-FR\"},{\"@type\":\"Organization\",\"@id\":\"https:\\\/\\\/www.alducadivenezia.com\\\/fr\\\/#organization\",\"name\":\"Hotel al Duca di Venezia\",\"alternateName\":\"Hotel al Duca di Venezia\",\"url\":\"https:\\\/\\\/www.alducadivenezia.com\\\/fr\\\/\",\"logo\":{\"@type\":\"ImageObject\",\"inLanguage\":\"fr-FR\",\"@id\":\"https:\\\/\\\/www.alducadivenezia.com\\\/fr\\\/#\\\/schema\\\/logo\\\/image\\\/\",\"url\":\"https:\\\/\\\/duca-di-venezia.ms2.decms.eu\\\/wp-content\\\/uploads\\\/sites\\\/241\\\/2025\\\/04\\\/Screenshot-2023-08-24-114029.png\",\"contentUrl\":\"https:\\\/\\\/duca-di-venezia.ms2.decms.eu\\\/wp-content\\\/uploads\\\/sites\\\/241\\\/2025\\\/04\\\/Screenshot-2023-08-24-114029.png\",\"width\":201,\"height\":323,\"caption\":\"Hotel al Duca di Venezia\"},\"image\":{\"@id\":\"https:\\\/\\\/www.alducadivenezia.com\\\/fr\\\/#\\\/schema\\\/logo\\\/image\\\/\"},\"sameAs\":[\"https:\\\/\\\/www.instagram.com\\\/hotelalducadivenezia\\\/\"]}]}<\/script>\n<!-- \/ Yoast SEO plugin. -->","yoast_head_json":{"title":"Suite Master &#8211; Hotel al Duca di Venezia","description":"Notre Suite Master comprend deux \u00e9l\u00e9gantes chambres doubles, ce qui en fait le choix id\u00e9al pour les familles ou les petits groupes \u00e0 la recherche d\u2019espace, de confort et d\u2019intimit\u00e9. Gr\u00e2ce \u00e0 son agencement g\u00e9n\u00e9reux et son atmosph\u00e8re raffin\u00e9e, la Suite Master allie charme v\u00e9nitien et confort moderne \u2014 parfaite pour un s\u00e9jour relaxant et inoubliable..","robots":{"index":"index","follow":"follow","max-snippet":"max-snippet:-1","max-image-preview":"max-image-preview:large","max-video-preview":"max-video-preview:-1"},"canonical":"https:\/\/www.alducadivenezia.com\/fr\/chambres\/master-suite\/","og_locale":"fr_FR","og_type":"article","og_title":"Suite Master &#8211; Hotel al Duca di Venezia","og_description":"Notre Suite Master comprend deux \u00e9l\u00e9gantes chambres doubles, ce qui en fait le choix id\u00e9al pour les familles ou les petits groupes \u00e0 la recherche d\u2019espace, de confort et d\u2019intimit\u00e9. Gr\u00e2ce \u00e0 son agencement g\u00e9n\u00e9reux et son atmosph\u00e8re raffin\u00e9e, la Suite Master allie charme v\u00e9nitien et confort moderne \u2014 parfaite pour un s\u00e9jour relaxant et inoubliable..","og_url":"https:\/\/www.alducadivenezia.com\/fr\/chambres\/master-suite\/","og_site_name":"Hotel al Duca di Venezia","article_modified_time":"2025-09-04T08:09:59+00:00","og_image":[{"width":1500,"height":844,"url":"https:\/\/www.alducadivenezia.com\/wp-content\/uploads\/sites\/241\/2025\/07\/20250615_1225301ga.jpg","type":"image\/jpeg"}],"twitter_card":"summary_large_image","twitter_misc":{"Dur\u00e9e de lecture estim\u00e9e":"1 minute"},"schema":{"@context":"https:\/\/schema.org","@graph":[{"@type":"WebPage","@id":"https:\/\/www.alducadivenezia.com\/fr\/chambres\/master-suite\/","url":"https:\/\/www.alducadivenezia.com\/fr\/chambres\/master-suite\/","name":"Suite Master &#8211; Hotel al Duca di Venezia","isPartOf":{"@id":"https:\/\/www.alducadivenezia.com\/fr\/#website"},"primaryImageOfPage":{"@id":"https:\/\/www.alducadivenezia.com\/fr\/chambres\/master-suite\/#primaryimage"},"image":{"@id":"https:\/\/www.alducadivenezia.com\/fr\/chambres\/master-suite\/#primaryimage"},"thumbnailUrl":"https:\/\/www.alducadivenezia.com\/wp-content\/uploads\/sites\/241\/2025\/07\/20250615_1225301ga.jpg","datePublished":"2025-05-13T10:33:45+00:00","dateModified":"2025-09-04T08:09:59+00:00","description":"Notre Suite Master comprend deux \u00e9l\u00e9gantes chambres doubles, ce qui en fait le choix id\u00e9al pour les familles ou les petits groupes \u00e0 la recherche d\u2019espace, de confort et d\u2019intimit\u00e9. Gr\u00e2ce \u00e0 son agencement g\u00e9n\u00e9reux et son atmosph\u00e8re raffin\u00e9e, la Suite Master allie charme v\u00e9nitien et confort moderne \u2014 parfaite pour un s\u00e9jour relaxant et inoubliable. .","breadcrumb":{"@id":"https:\/\/www.alducadivenezia.com\/fr\/chambres\/master-suite\/#breadcrumb"},"inLanguage":"fr-FR","potentialAction":[{"@type":"ReadAction","target":["https:\/\/www.alducadivenezia.com\/fr\/chambres\/master-suite\/"]}]},{"@type":"ImageObject","inLanguage":"fr-FR","@id":"https:\/\/www.alducadivenezia.com\/fr\/chambres\/master-suite\/#primaryimage","url":"https:\/\/www.alducadivenezia.com\/wp-content\/uploads\/sites\/241\/2025\/07\/20250615_1225301ga.jpg","contentUrl":"https:\/\/www.alducadivenezia.com\/wp-content\/uploads\/sites\/241\/2025\/07\/20250615_1225301ga.jpg","width":1500,"height":844},{"@type":"BreadcrumbList","@id":"https:\/\/www.alducadivenezia.com\/fr\/chambres\/master-suite\/#breadcrumb","itemListElement":[{"@type":"ListItem","position":1,"name":"Home","item":"https:\/\/www.alducadivenezia.com\/fr\/"},{"@type":"ListItem","position":2,"name":"Chambres","item":"https:\/\/www.alducadivenezia.com\/fr\/chambres\/"},{"@type":"ListItem","position":3,"name":"Suite Master"}]},{"@type":"WebSite","@id":"https:\/\/www.alducadivenezia.com\/fr\/#website","url":"https:\/\/www.alducadivenezia.com\/fr\/","name":"Hotel al Duca di Venezia","description":"Book a deluxe hotel In the historic center of Venice","publisher":{"@id":"https:\/\/www.alducadivenezia.com\/fr\/#organization"},"alternateName":"Hotel al Duca di Venezia","potentialAction":[{"@type":"SearchAction","target":{"@type":"EntryPoint","urlTemplate":"https:\/\/www.alducadivenezia.com\/fr\/?s={search_term_string}"},"query-input":{"@type":"PropertyValueSpecification","valueRequired":true,"valueName":"search_term_string"}}],"inLanguage":"fr-FR"},{"@type":"Organization","@id":"https:\/\/www.alducadivenezia.com\/fr\/#organization","name":"Hotel al Duca di Venezia","alternateName":"Hotel al Duca di Venezia","url":"https:\/\/www.alducadivenezia.com\/fr\/","logo":{"@type":"ImageObject","inLanguage":"fr-FR","@id":"https:\/\/www.alducadivenezia.com\/fr\/#\/schema\/logo\/image\/","url":"https:\/\/duca-di-venezia.ms2.decms.eu\/wp-content\/uploads\/sites\/241\/2025\/04\/Screenshot-2023-08-24-114029.png","contentUrl":"https:\/\/duca-di-venezia.ms2.decms.eu\/wp-content\/uploads\/sites\/241\/2025\/04\/Screenshot-2023-08-24-114029.png","width":201,"height":323,"caption":"Hotel al Duca di Venezia"},"image":{"@id":"https:\/\/www.alducadivenezia.com\/fr\/#\/schema\/logo\/image\/"},"sameAs":["https:\/\/www.instagram.com\/hotelalducadivenezia\/"]}]}},"acf":[],"_links":{"self":[{"href":"https:\/\/www.alducadivenezia.com\/fr\/wp-json\/wp\/v2\/pages\/1427","targetHints":{"allow":["GET"]}}],"collection":[{"href":"https:\/\/www.alducadivenezia.com\/fr\/wp-json\/wp\/v2\/pages"}],"about":[{"href":"https:\/\/www.alducadivenezia.com\/fr\/wp-json\/wp\/v2\/types\/page"}],"author":[{"embeddable":true,"href":"https:\/\/www.alducadivenezia.com\/fr\/wp-json\/wp\/v2\/users\/12"}],"replies":[{"embeddable":true,"href":"https:\/\/www.alducadivenezia.com\/fr\/wp-json\/wp\/v2\/comments?post=1427"}],"version-history":[{"count":0,"href":"https:\/\/www.alducadivenezia.com\/fr\/wp-json\/wp\/v2\/pages\/1427\/revisions"}],"up":[{"embeddable":true,"href":"https:\/\/www.alducadivenezia.com\/fr\/wp-json\/wp\/v2\/pages\/1432"}],"wp:featuredmedia":[{"embeddable":true,"href":"https:\/\/www.alducadivenezia.com\/fr\/wp-json\/wp\/v2\/media\/1194"}],"wp:attachment":[{"href":"https:\/\/www.alducadivenezia.com\/fr\/wp-json\/wp\/v2\/media?parent=1427"}],"curies":[{"name":"wp","href":"https:\/\/api.w.org\/{rel}","templated":true}]}}