{"id":1400,"date":"2025-05-13T09:40:57","date_gmt":"2025-05-13T09:40:57","guid":{"rendered":"https:\/\/duca-di-venezia.ms2.decms.eu\/?page_id=1400"},"modified":"2025-08-04T08:29:09","modified_gmt":"2025-08-04T08:29:09","slug":"superior","status":"publish","type":"page","link":"https:\/\/www.alducadivenezia.com\/fr\/chambres\/superior\/","title":{"rendered":"Chambre Superior double"},"content":{"rendered":"<p>Chambres doubles tr\u00e8s \u00e9l\u00e9gantes avec des lits king size ou des lits jumeaux de 23 \u00e0 27 m\u00b2, spacieuses et somptueusement meubl\u00e9es avec des meubles v\u00e9nitiens antiques, agr\u00e9ment\u00e9es de lustres en verre de Murano, Elles vous plongeront dans l\u2019atmosph\u00e8re magique de Venise.<\/p>\n","protected":false},"excerpt":{"rendered":"<p>Chambres doubles tr\u00e8s \u00e9l\u00e9gantes avec des lits king size ou des lits jumeaux de 23 \u00e0 27 m\u00b2, spacieuses et somptueusement meubl\u00e9es avec des meubles v\u00e9nitiens antiques, agr\u00e9ment\u00e9es de lustres en verre de Murano, Elles vous plongeront dans l\u2019atmosph\u00e8re magique de Venise.<\/p>\n","protected":false},"author":12,"featured_media":1026,"parent":1432,"menu_order":9,"comment_status":"closed","ping_status":"closed","template":"template-single-room.php","meta":{"footnotes":""},"yoast_head":"<!-- This site is optimized with the Yoast SEO plugin v22.3 - https:\/\/yoast.com\/wordpress\/plugins\/seo\/ -->\n<title>Chambre Superior double &#8211; Hotel al Duca di Venezia<\/title>\n<meta name=\"description\" content=\"Chambres doubles tr\u00e8s \u00e9l\u00e9gantes avec des lits king size ou des lits jumeaux de 23 \u00e0 27 m\u00b2, spacieuses et somptueusement meubl\u00e9es avec des meubles v\u00e9nitiens antiques, agr\u00e9ment\u00e9es de lustres en verre de Murano, Elles vous plongeront dans l\u2019atmosph\u00e8re magique de Venise..\" \/>\n<meta name=\"robots\" content=\"index, follow, max-snippet:-1, max-image-preview:large, max-video-preview:-1\" \/>\n<link rel=\"canonical\" href=\"https:\/\/www.alducadivenezia.com\/fr\/chambres\/superior\/\" \/>\n<meta property=\"og:locale\" content=\"fr_FR\" \/>\n<meta property=\"og:type\" content=\"article\" \/>\n<meta property=\"og:title\" content=\"Chambre Superior double &#8211; Hotel al Duca di Venezia\" \/>\n<meta property=\"og:description\" content=\"Chambres doubles tr\u00e8s \u00e9l\u00e9gantes avec des lits king size ou des lits jumeaux de 23 \u00e0 27 m\u00b2, spacieuses et somptueusement meubl\u00e9es avec des meubles v\u00e9nitiens antiques, agr\u00e9ment\u00e9es de lustres en verre de Murano, Elles vous plongeront dans l\u2019atmosph\u00e8re magique de Venise..\" \/>\n<meta property=\"og:url\" content=\"https:\/\/www.alducadivenezia.com\/fr\/chambres\/superior\/\" \/>\n<meta property=\"og:site_name\" content=\"Hotel al Duca di Venezia\" \/>\n<meta property=\"article:modified_time\" content=\"2025-08-04T08:29:09+00:00\" \/>\n<meta property=\"og:image\" content=\"https:\/\/www.alducadivenezia.com\/wp-content\/uploads\/sites\/241\/2025\/07\/SUPERIOR-01-1.jpg\" \/>\n\t<meta property=\"og:image:width\" content=\"1802\" \/>\n\t<meta property=\"og:image:height\" content=\"1200\" \/>\n\t<meta property=\"og:image:type\" content=\"image\/jpeg\" \/>\n<meta name=\"twitter:card\" content=\"summary_large_image\" \/>\n<meta name=\"twitter:label1\" content=\"Dur\u00e9e de lecture estim\u00e9e\" \/>\n\t<meta name=\"twitter:data1\" content=\"1 minute\" \/>\n<script type=\"application\/ld+json\" class=\"yoast-schema-graph\">{\"@context\":\"https:\/\/schema.org\",\"@graph\":[{\"@type\":\"WebPage\",\"@id\":\"https:\/\/www.alducadivenezia.com\/fr\/chambres\/superior\/\",\"url\":\"https:\/\/www.alducadivenezia.com\/fr\/chambres\/superior\/\",\"name\":\"Chambre Superior double &#8211; Hotel al Duca di Venezia\",\"isPartOf\":{\"@id\":\"https:\/\/www.alducadivenezia.com\/fr\/#website\"},\"primaryImageOfPage\":{\"@id\":\"https:\/\/www.alducadivenezia.com\/fr\/chambres\/superior\/#primaryimage\"},\"image\":{\"@id\":\"https:\/\/www.alducadivenezia.com\/fr\/chambres\/superior\/#primaryimage\"},\"thumbnailUrl\":\"https:\/\/www.alducadivenezia.com\/wp-content\/uploads\/sites\/241\/2025\/07\/SUPERIOR-01-1.jpg\",\"datePublished\":\"2025-05-13T09:40:57+00:00\",\"dateModified\":\"2025-08-04T08:29:09+00:00\",\"description\":\"Chambres doubles tr\u00e8s \u00e9l\u00e9gantes avec des lits king size ou des lits jumeaux de 23 \u00e0 27 m\u00b2, spacieuses et somptueusement meubl\u00e9es avec des meubles v\u00e9nitiens antiques, agr\u00e9ment\u00e9es de lustres en verre de Murano, Elles vous plongeront dans l\u2019atmosph\u00e8re magique de Venise..\",\"breadcrumb\":{\"@id\":\"https:\/\/www.alducadivenezia.com\/fr\/chambres\/superior\/#breadcrumb\"},\"inLanguage\":\"fr-FR\",\"potentialAction\":[{\"@type\":\"ReadAction\",\"target\":[\"https:\/\/www.alducadivenezia.com\/fr\/chambres\/superior\/\"]}]},{\"@type\":\"ImageObject\",\"inLanguage\":\"fr-FR\",\"@id\":\"https:\/\/www.alducadivenezia.com\/fr\/chambres\/superior\/#primaryimage\",\"url\":\"https:\/\/www.alducadivenezia.com\/wp-content\/uploads\/sites\/241\/2025\/07\/SUPERIOR-01-1.jpg\",\"contentUrl\":\"https:\/\/www.alducadivenezia.com\/wp-content\/uploads\/sites\/241\/2025\/07\/SUPERIOR-01-1.jpg\",\"width\":1802,\"height\":1200},{\"@type\":\"BreadcrumbList\",\"@id\":\"https:\/\/www.alducadivenezia.com\/fr\/chambres\/superior\/#breadcrumb\",\"itemListElement\":[{\"@type\":\"ListItem\",\"position\":1,\"name\":\"Home\",\"item\":\"https:\/\/www.alducadivenezia.com\/fr\/\"},{\"@type\":\"ListItem\",\"position\":2,\"name\":\"Chambres\",\"item\":\"https:\/\/www.alducadivenezia.com\/fr\/chambres\/\"},{\"@type\":\"ListItem\",\"position\":3,\"name\":\"Chambre Superior double\"}]},{\"@type\":\"WebSite\",\"@id\":\"https:\/\/www.alducadivenezia.com\/fr\/#website\",\"url\":\"https:\/\/www.alducadivenezia.com\/fr\/\",\"name\":\"Hotel al Duca di Venezia\",\"description\":\"Book a deluxe hotel In the historic center of Venice\",\"publisher\":{\"@id\":\"https:\/\/www.alducadivenezia.com\/fr\/#organization\"},\"alternateName\":\"Hotel al Duca di Venezia\",\"potentialAction\":[{\"@type\":\"SearchAction\",\"target\":{\"@type\":\"EntryPoint\",\"urlTemplate\":\"https:\/\/www.alducadivenezia.com\/fr\/?s={search_term_string}\"},\"query-input\":\"required name=search_term_string\"}],\"inLanguage\":\"fr-FR\"},{\"@type\":\"Organization\",\"@id\":\"https:\/\/www.alducadivenezia.com\/fr\/#organization\",\"name\":\"Hotel al Duca di Venezia\",\"alternateName\":\"Hotel al Duca di Venezia\",\"url\":\"https:\/\/www.alducadivenezia.com\/fr\/\",\"logo\":{\"@type\":\"ImageObject\",\"inLanguage\":\"fr-FR\",\"@id\":\"https:\/\/www.alducadivenezia.com\/fr\/#\/schema\/logo\/image\/\",\"url\":\"https:\/\/duca-di-venezia.ms2.decms.eu\/wp-content\/uploads\/sites\/241\/2025\/04\/Screenshot-2023-08-24-114029.png\",\"contentUrl\":\"https:\/\/duca-di-venezia.ms2.decms.eu\/wp-content\/uploads\/sites\/241\/2025\/04\/Screenshot-2023-08-24-114029.png\",\"width\":201,\"height\":323,\"caption\":\"Hotel al Duca di Venezia\"},\"image\":{\"@id\":\"https:\/\/www.alducadivenezia.com\/fr\/#\/schema\/logo\/image\/\"},\"sameAs\":[\"https:\/\/www.instagram.com\/hotelalducadivenezia\/\"]}]}<\/script>\n<!-- \/ Yoast SEO plugin. -->","yoast_head_json":{"title":"Chambre Superior double &#8211; Hotel al Duca di Venezia","description":"Chambres doubles tr\u00e8s \u00e9l\u00e9gantes avec des lits king size ou des lits jumeaux de 23 \u00e0 27 m\u00b2, spacieuses et somptueusement meubl\u00e9es avec des meubles v\u00e9nitiens antiques, agr\u00e9ment\u00e9es de lustres en verre de Murano, Elles vous plongeront dans l\u2019atmosph\u00e8re magique de Venise..","robots":{"index":"index","follow":"follow","max-snippet":"max-snippet:-1","max-image-preview":"max-image-preview:large","max-video-preview":"max-video-preview:-1"},"canonical":"https:\/\/www.alducadivenezia.com\/fr\/chambres\/superior\/","og_locale":"fr_FR","og_type":"article","og_title":"Chambre Superior double &#8211; Hotel al Duca di Venezia","og_description":"Chambres doubles tr\u00e8s \u00e9l\u00e9gantes avec des lits king size ou des lits jumeaux de 23 \u00e0 27 m\u00b2, spacieuses et somptueusement meubl\u00e9es avec des meubles v\u00e9nitiens antiques, agr\u00e9ment\u00e9es de lustres en verre de Murano, Elles vous plongeront dans l\u2019atmosph\u00e8re magique de Venise..","og_url":"https:\/\/www.alducadivenezia.com\/fr\/chambres\/superior\/","og_site_name":"Hotel al Duca di Venezia","article_modified_time":"2025-08-04T08:29:09+00:00","og_image":[{"width":1802,"height":1200,"url":"https:\/\/www.alducadivenezia.com\/wp-content\/uploads\/sites\/241\/2025\/07\/SUPERIOR-01-1.jpg","type":"image\/jpeg"}],"twitter_card":"summary_large_image","twitter_misc":{"Dur\u00e9e de lecture estim\u00e9e":"1 minute"},"schema":{"@context":"https:\/\/schema.org","@graph":[{"@type":"WebPage","@id":"https:\/\/www.alducadivenezia.com\/fr\/chambres\/superior\/","url":"https:\/\/www.alducadivenezia.com\/fr\/chambres\/superior\/","name":"Chambre Superior double &#8211; Hotel al Duca di Venezia","isPartOf":{"@id":"https:\/\/www.alducadivenezia.com\/fr\/#website"},"primaryImageOfPage":{"@id":"https:\/\/www.alducadivenezia.com\/fr\/chambres\/superior\/#primaryimage"},"image":{"@id":"https:\/\/www.alducadivenezia.com\/fr\/chambres\/superior\/#primaryimage"},"thumbnailUrl":"https:\/\/www.alducadivenezia.com\/wp-content\/uploads\/sites\/241\/2025\/07\/SUPERIOR-01-1.jpg","datePublished":"2025-05-13T09:40:57+00:00","dateModified":"2025-08-04T08:29:09+00:00","description":"Chambres doubles tr\u00e8s \u00e9l\u00e9gantes avec des lits king size ou des lits jumeaux de 23 \u00e0 27 m\u00b2, spacieuses et somptueusement meubl\u00e9es avec des meubles v\u00e9nitiens antiques, agr\u00e9ment\u00e9es de lustres en verre de Murano, Elles vous plongeront dans l\u2019atmosph\u00e8re magique de Venise..","breadcrumb":{"@id":"https:\/\/www.alducadivenezia.com\/fr\/chambres\/superior\/#breadcrumb"},"inLanguage":"fr-FR","potentialAction":[{"@type":"ReadAction","target":["https:\/\/www.alducadivenezia.com\/fr\/chambres\/superior\/"]}]},{"@type":"ImageObject","inLanguage":"fr-FR","@id":"https:\/\/www.alducadivenezia.com\/fr\/chambres\/superior\/#primaryimage","url":"https:\/\/www.alducadivenezia.com\/wp-content\/uploads\/sites\/241\/2025\/07\/SUPERIOR-01-1.jpg","contentUrl":"https:\/\/www.alducadivenezia.com\/wp-content\/uploads\/sites\/241\/2025\/07\/SUPERIOR-01-1.jpg","width":1802,"height":1200},{"@type":"BreadcrumbList","@id":"https:\/\/www.alducadivenezia.com\/fr\/chambres\/superior\/#breadcrumb","itemListElement":[{"@type":"ListItem","position":1,"name":"Home","item":"https:\/\/www.alducadivenezia.com\/fr\/"},{"@type":"ListItem","position":2,"name":"Chambres","item":"https:\/\/www.alducadivenezia.com\/fr\/chambres\/"},{"@type":"ListItem","position":3,"name":"Chambre Superior double"}]},{"@type":"WebSite","@id":"https:\/\/www.alducadivenezia.com\/fr\/#website","url":"https:\/\/www.alducadivenezia.com\/fr\/","name":"Hotel al Duca di Venezia","description":"Book a deluxe hotel In the historic center of Venice","publisher":{"@id":"https:\/\/www.alducadivenezia.com\/fr\/#organization"},"alternateName":"Hotel al Duca di Venezia","potentialAction":[{"@type":"SearchAction","target":{"@type":"EntryPoint","urlTemplate":"https:\/\/www.alducadivenezia.com\/fr\/?s={search_term_string}"},"query-input":"required name=search_term_string"}],"inLanguage":"fr-FR"},{"@type":"Organization","@id":"https:\/\/www.alducadivenezia.com\/fr\/#organization","name":"Hotel al Duca di Venezia","alternateName":"Hotel al Duca di Venezia","url":"https:\/\/www.alducadivenezia.com\/fr\/","logo":{"@type":"ImageObject","inLanguage":"fr-FR","@id":"https:\/\/www.alducadivenezia.com\/fr\/#\/schema\/logo\/image\/","url":"https:\/\/duca-di-venezia.ms2.decms.eu\/wp-content\/uploads\/sites\/241\/2025\/04\/Screenshot-2023-08-24-114029.png","contentUrl":"https:\/\/duca-di-venezia.ms2.decms.eu\/wp-content\/uploads\/sites\/241\/2025\/04\/Screenshot-2023-08-24-114029.png","width":201,"height":323,"caption":"Hotel al Duca di Venezia"},"image":{"@id":"https:\/\/www.alducadivenezia.com\/fr\/#\/schema\/logo\/image\/"},"sameAs":["https:\/\/www.instagram.com\/hotelalducadivenezia\/"]}]}},"acf":[],"_links":{"self":[{"href":"https:\/\/www.alducadivenezia.com\/fr\/wp-json\/wp\/v2\/pages\/1400"}],"collection":[{"href":"https:\/\/www.alducadivenezia.com\/fr\/wp-json\/wp\/v2\/pages"}],"about":[{"href":"https:\/\/www.alducadivenezia.com\/fr\/wp-json\/wp\/v2\/types\/page"}],"author":[{"embeddable":true,"href":"https:\/\/www.alducadivenezia.com\/fr\/wp-json\/wp\/v2\/users\/12"}],"replies":[{"embeddable":true,"href":"https:\/\/www.alducadivenezia.com\/fr\/wp-json\/wp\/v2\/comments?post=1400"}],"version-history":[{"count":0,"href":"https:\/\/www.alducadivenezia.com\/fr\/wp-json\/wp\/v2\/pages\/1400\/revisions"}],"up":[{"embeddable":true,"href":"https:\/\/www.alducadivenezia.com\/fr\/wp-json\/wp\/v2\/pages\/1432"}],"wp:featuredmedia":[{"embeddable":true,"href":"https:\/\/www.alducadivenezia.com\/fr\/wp-json\/wp\/v2\/media\/1026"}],"wp:attachment":[{"href":"https:\/\/www.alducadivenezia.com\/fr\/wp-json\/wp\/v2\/media?parent=1400"}],"curies":[{"name":"wp","href":"https:\/\/api.w.org\/{rel}","templated":true}]}}