{"id":1395,"date":"2025-04-15T15:00:39","date_gmt":"2025-04-15T15:00:39","guid":{"rendered":"https:\/\/duca-di-venezia.ms2.decms.eu\/?page_id=1395"},"modified":"2025-08-04T10:18:17","modified_gmt":"2025-08-04T10:18:17","slug":"classique","status":"publish","type":"page","link":"https:\/\/www.alducadivenezia.com\/fr\/chambres\/classique\/","title":{"rendered":"Chambre double Classic"},"content":{"rendered":"<p>Belles chambres doubles avec lits king size ou lits jumeaux de 20 \u00e0 23 m\u00b2, spacieuses et somptueusement meubl\u00e9es avec des meubles v\u00e9nitiens antiques, agr\u00e9ment\u00e9es de lustres en verre de Murano,\u00a0 elles offrent une atmosph\u00e8re calme et propice \u00e0 la d\u00e9tente.<\/p>\n","protected":false},"excerpt":{"rendered":"<p>Belles chambres doubles avec lits king size ou lits jumeaux de 20 \u00e0 23 m\u00b2, spacieuses et somptueusement meubl\u00e9es avec des meubles v\u00e9nitiens antiques, agr\u00e9ment\u00e9es de lustres en verre de Murano,\u00a0 elles offrent une atmosph\u00e8re calme et propice \u00e0 la d\u00e9tente.<\/p>\n","protected":false},"author":12,"featured_media":1086,"parent":1432,"menu_order":7,"comment_status":"closed","ping_status":"closed","template":"template-single-room.php","meta":{"footnotes":""},"class_list":["post-1395","page","type-page","status-publish","has-post-thumbnail","hentry"],"yoast_head":"<!-- This site is optimized with the Yoast SEO plugin v27.3 - https:\/\/yoast.com\/product\/yoast-seo-wordpress\/ -->\n<title>Chambre double Classic &#8211; Hotel al Duca di Venezia<\/title>\n<meta name=\"description\" content=\"Belles chambres doubles avec lits king size ou lits jumeaux de 20 \u00e0 23 m\u00b2, spacieuses et somptueusement meubl\u00e9es avec des meubles v\u00e9nitiens antiques, agr\u00e9ment\u00e9es de lustres en verre de Murano,\u00a0 elles offrent une atmosph\u00e8re calme et propice \u00e0 la d\u00e9tente..\" \/>\n<meta name=\"robots\" content=\"index, follow, max-snippet:-1, max-image-preview:large, max-video-preview:-1\" \/>\n<link rel=\"canonical\" href=\"https:\/\/www.alducadivenezia.com\/fr\/chambres\/classique\/\" \/>\n<meta property=\"og:locale\" content=\"fr_FR\" \/>\n<meta property=\"og:type\" content=\"article\" \/>\n<meta property=\"og:title\" content=\"Chambre double Classic &#8211; Hotel al Duca di Venezia\" \/>\n<meta property=\"og:description\" content=\"Belles chambres doubles avec lits king size ou lits jumeaux de 20 \u00e0 23 m\u00b2, spacieuses et somptueusement meubl\u00e9es avec des meubles v\u00e9nitiens antiques, agr\u00e9ment\u00e9es de lustres en verre de Murano,\u00a0 elles offrent une atmosph\u00e8re calme et propice \u00e0 la d\u00e9tente..\" \/>\n<meta property=\"og:url\" content=\"https:\/\/www.alducadivenezia.com\/fr\/chambres\/classique\/\" \/>\n<meta property=\"og:site_name\" content=\"Hotel al Duca di Venezia\" \/>\n<meta property=\"article:modified_time\" content=\"2025-08-04T10:18:17+00:00\" \/>\n<meta property=\"og:image\" content=\"https:\/\/www.alducadivenezia.com\/wp-content\/uploads\/sites\/241\/2025\/07\/20250615_130103.jpg\" \/>\n\t<meta property=\"og:image:width\" content=\"1500\" \/>\n\t<meta property=\"og:image:height\" content=\"1032\" \/>\n\t<meta property=\"og:image:type\" content=\"image\/jpeg\" \/>\n<meta name=\"twitter:card\" content=\"summary_large_image\" \/>\n<meta name=\"twitter:label1\" content=\"Dur\u00e9e de lecture estim\u00e9e\" \/>\n\t<meta name=\"twitter:data1\" content=\"1 minute\" \/>\n<script type=\"application\/ld+json\" class=\"yoast-schema-graph\">{\"@context\":\"https:\\\/\\\/schema.org\",\"@graph\":[{\"@type\":\"WebPage\",\"@id\":\"https:\\\/\\\/www.alducadivenezia.com\\\/fr\\\/chambres\\\/classique\\\/\",\"url\":\"https:\\\/\\\/www.alducadivenezia.com\\\/fr\\\/chambres\\\/classique\\\/\",\"name\":\"Chambre double Classic &#8211; Hotel al Duca di Venezia\",\"isPartOf\":{\"@id\":\"https:\\\/\\\/www.alducadivenezia.com\\\/fr\\\/#website\"},\"primaryImageOfPage\":{\"@id\":\"https:\\\/\\\/www.alducadivenezia.com\\\/fr\\\/chambres\\\/classique\\\/#primaryimage\"},\"image\":{\"@id\":\"https:\\\/\\\/www.alducadivenezia.com\\\/fr\\\/chambres\\\/classique\\\/#primaryimage\"},\"thumbnailUrl\":\"https:\\\/\\\/www.alducadivenezia.com\\\/wp-content\\\/uploads\\\/sites\\\/241\\\/2025\\\/07\\\/20250615_130103.jpg\",\"datePublished\":\"2025-04-15T15:00:39+00:00\",\"dateModified\":\"2025-08-04T10:18:17+00:00\",\"description\":\"Belles chambres doubles avec lits king size ou lits jumeaux de 20 \u00e0 23 m\u00b2, spacieuses et somptueusement meubl\u00e9es avec des meubles v\u00e9nitiens antiques, agr\u00e9ment\u00e9es de lustres en verre de Murano,\u00a0 elles offrent une atmosph\u00e8re calme et propice \u00e0 la d\u00e9tente..\",\"breadcrumb\":{\"@id\":\"https:\\\/\\\/www.alducadivenezia.com\\\/fr\\\/chambres\\\/classique\\\/#breadcrumb\"},\"inLanguage\":\"fr-FR\",\"potentialAction\":[{\"@type\":\"ReadAction\",\"target\":[\"https:\\\/\\\/www.alducadivenezia.com\\\/fr\\\/chambres\\\/classique\\\/\"]}]},{\"@type\":\"ImageObject\",\"inLanguage\":\"fr-FR\",\"@id\":\"https:\\\/\\\/www.alducadivenezia.com\\\/fr\\\/chambres\\\/classique\\\/#primaryimage\",\"url\":\"https:\\\/\\\/www.alducadivenezia.com\\\/wp-content\\\/uploads\\\/sites\\\/241\\\/2025\\\/07\\\/20250615_130103.jpg\",\"contentUrl\":\"https:\\\/\\\/www.alducadivenezia.com\\\/wp-content\\\/uploads\\\/sites\\\/241\\\/2025\\\/07\\\/20250615_130103.jpg\",\"width\":1500,\"height\":1032},{\"@type\":\"BreadcrumbList\",\"@id\":\"https:\\\/\\\/www.alducadivenezia.com\\\/fr\\\/chambres\\\/classique\\\/#breadcrumb\",\"itemListElement\":[{\"@type\":\"ListItem\",\"position\":1,\"name\":\"Home\",\"item\":\"https:\\\/\\\/www.alducadivenezia.com\\\/fr\\\/\"},{\"@type\":\"ListItem\",\"position\":2,\"name\":\"Chambres\",\"item\":\"https:\\\/\\\/www.alducadivenezia.com\\\/fr\\\/chambres\\\/\"},{\"@type\":\"ListItem\",\"position\":3,\"name\":\"Chambre double Classic\"}]},{\"@type\":\"WebSite\",\"@id\":\"https:\\\/\\\/www.alducadivenezia.com\\\/fr\\\/#website\",\"url\":\"https:\\\/\\\/www.alducadivenezia.com\\\/fr\\\/\",\"name\":\"Hotel al Duca di Venezia\",\"description\":\"Book a deluxe hotel In the historic center of Venice\",\"publisher\":{\"@id\":\"https:\\\/\\\/www.alducadivenezia.com\\\/fr\\\/#organization\"},\"alternateName\":\"Hotel al Duca di Venezia\",\"potentialAction\":[{\"@type\":\"SearchAction\",\"target\":{\"@type\":\"EntryPoint\",\"urlTemplate\":\"https:\\\/\\\/www.alducadivenezia.com\\\/fr\\\/?s={search_term_string}\"},\"query-input\":{\"@type\":\"PropertyValueSpecification\",\"valueRequired\":true,\"valueName\":\"search_term_string\"}}],\"inLanguage\":\"fr-FR\"},{\"@type\":\"Organization\",\"@id\":\"https:\\\/\\\/www.alducadivenezia.com\\\/fr\\\/#organization\",\"name\":\"Hotel al Duca di Venezia\",\"alternateName\":\"Hotel al Duca di Venezia\",\"url\":\"https:\\\/\\\/www.alducadivenezia.com\\\/fr\\\/\",\"logo\":{\"@type\":\"ImageObject\",\"inLanguage\":\"fr-FR\",\"@id\":\"https:\\\/\\\/www.alducadivenezia.com\\\/fr\\\/#\\\/schema\\\/logo\\\/image\\\/\",\"url\":\"https:\\\/\\\/duca-di-venezia.ms2.decms.eu\\\/wp-content\\\/uploads\\\/sites\\\/241\\\/2025\\\/04\\\/Screenshot-2023-08-24-114029.png\",\"contentUrl\":\"https:\\\/\\\/duca-di-venezia.ms2.decms.eu\\\/wp-content\\\/uploads\\\/sites\\\/241\\\/2025\\\/04\\\/Screenshot-2023-08-24-114029.png\",\"width\":201,\"height\":323,\"caption\":\"Hotel al Duca di Venezia\"},\"image\":{\"@id\":\"https:\\\/\\\/www.alducadivenezia.com\\\/fr\\\/#\\\/schema\\\/logo\\\/image\\\/\"},\"sameAs\":[\"https:\\\/\\\/www.instagram.com\\\/hotelalducadivenezia\\\/\"]}]}<\/script>\n<!-- \/ Yoast SEO plugin. -->","yoast_head_json":{"title":"Chambre double Classic &#8211; Hotel al Duca di Venezia","description":"Belles chambres doubles avec lits king size ou lits jumeaux de 20 \u00e0 23 m\u00b2, spacieuses et somptueusement meubl\u00e9es avec des meubles v\u00e9nitiens antiques, agr\u00e9ment\u00e9es de lustres en verre de Murano,\u00a0 elles offrent une atmosph\u00e8re calme et propice \u00e0 la d\u00e9tente..","robots":{"index":"index","follow":"follow","max-snippet":"max-snippet:-1","max-image-preview":"max-image-preview:large","max-video-preview":"max-video-preview:-1"},"canonical":"https:\/\/www.alducadivenezia.com\/fr\/chambres\/classique\/","og_locale":"fr_FR","og_type":"article","og_title":"Chambre double Classic &#8211; Hotel al Duca di Venezia","og_description":"Belles chambres doubles avec lits king size ou lits jumeaux de 20 \u00e0 23 m\u00b2, spacieuses et somptueusement meubl\u00e9es avec des meubles v\u00e9nitiens antiques, agr\u00e9ment\u00e9es de lustres en verre de Murano,\u00a0 elles offrent une atmosph\u00e8re calme et propice \u00e0 la d\u00e9tente..","og_url":"https:\/\/www.alducadivenezia.com\/fr\/chambres\/classique\/","og_site_name":"Hotel al Duca di Venezia","article_modified_time":"2025-08-04T10:18:17+00:00","og_image":[{"width":1500,"height":1032,"url":"https:\/\/www.alducadivenezia.com\/wp-content\/uploads\/sites\/241\/2025\/07\/20250615_130103.jpg","type":"image\/jpeg"}],"twitter_card":"summary_large_image","twitter_misc":{"Dur\u00e9e de lecture estim\u00e9e":"1 minute"},"schema":{"@context":"https:\/\/schema.org","@graph":[{"@type":"WebPage","@id":"https:\/\/www.alducadivenezia.com\/fr\/chambres\/classique\/","url":"https:\/\/www.alducadivenezia.com\/fr\/chambres\/classique\/","name":"Chambre double Classic &#8211; Hotel al Duca di Venezia","isPartOf":{"@id":"https:\/\/www.alducadivenezia.com\/fr\/#website"},"primaryImageOfPage":{"@id":"https:\/\/www.alducadivenezia.com\/fr\/chambres\/classique\/#primaryimage"},"image":{"@id":"https:\/\/www.alducadivenezia.com\/fr\/chambres\/classique\/#primaryimage"},"thumbnailUrl":"https:\/\/www.alducadivenezia.com\/wp-content\/uploads\/sites\/241\/2025\/07\/20250615_130103.jpg","datePublished":"2025-04-15T15:00:39+00:00","dateModified":"2025-08-04T10:18:17+00:00","description":"Belles chambres doubles avec lits king size ou lits jumeaux de 20 \u00e0 23 m\u00b2, spacieuses et somptueusement meubl\u00e9es avec des meubles v\u00e9nitiens antiques, agr\u00e9ment\u00e9es de lustres en verre de Murano,\u00a0 elles offrent une atmosph\u00e8re calme et propice \u00e0 la d\u00e9tente..","breadcrumb":{"@id":"https:\/\/www.alducadivenezia.com\/fr\/chambres\/classique\/#breadcrumb"},"inLanguage":"fr-FR","potentialAction":[{"@type":"ReadAction","target":["https:\/\/www.alducadivenezia.com\/fr\/chambres\/classique\/"]}]},{"@type":"ImageObject","inLanguage":"fr-FR","@id":"https:\/\/www.alducadivenezia.com\/fr\/chambres\/classique\/#primaryimage","url":"https:\/\/www.alducadivenezia.com\/wp-content\/uploads\/sites\/241\/2025\/07\/20250615_130103.jpg","contentUrl":"https:\/\/www.alducadivenezia.com\/wp-content\/uploads\/sites\/241\/2025\/07\/20250615_130103.jpg","width":1500,"height":1032},{"@type":"BreadcrumbList","@id":"https:\/\/www.alducadivenezia.com\/fr\/chambres\/classique\/#breadcrumb","itemListElement":[{"@type":"ListItem","position":1,"name":"Home","item":"https:\/\/www.alducadivenezia.com\/fr\/"},{"@type":"ListItem","position":2,"name":"Chambres","item":"https:\/\/www.alducadivenezia.com\/fr\/chambres\/"},{"@type":"ListItem","position":3,"name":"Chambre double Classic"}]},{"@type":"WebSite","@id":"https:\/\/www.alducadivenezia.com\/fr\/#website","url":"https:\/\/www.alducadivenezia.com\/fr\/","name":"Hotel al Duca di Venezia","description":"Book a deluxe hotel In the historic center of Venice","publisher":{"@id":"https:\/\/www.alducadivenezia.com\/fr\/#organization"},"alternateName":"Hotel al Duca di Venezia","potentialAction":[{"@type":"SearchAction","target":{"@type":"EntryPoint","urlTemplate":"https:\/\/www.alducadivenezia.com\/fr\/?s={search_term_string}"},"query-input":{"@type":"PropertyValueSpecification","valueRequired":true,"valueName":"search_term_string"}}],"inLanguage":"fr-FR"},{"@type":"Organization","@id":"https:\/\/www.alducadivenezia.com\/fr\/#organization","name":"Hotel al Duca di Venezia","alternateName":"Hotel al Duca di Venezia","url":"https:\/\/www.alducadivenezia.com\/fr\/","logo":{"@type":"ImageObject","inLanguage":"fr-FR","@id":"https:\/\/www.alducadivenezia.com\/fr\/#\/schema\/logo\/image\/","url":"https:\/\/duca-di-venezia.ms2.decms.eu\/wp-content\/uploads\/sites\/241\/2025\/04\/Screenshot-2023-08-24-114029.png","contentUrl":"https:\/\/duca-di-venezia.ms2.decms.eu\/wp-content\/uploads\/sites\/241\/2025\/04\/Screenshot-2023-08-24-114029.png","width":201,"height":323,"caption":"Hotel al Duca di Venezia"},"image":{"@id":"https:\/\/www.alducadivenezia.com\/fr\/#\/schema\/logo\/image\/"},"sameAs":["https:\/\/www.instagram.com\/hotelalducadivenezia\/"]}]}},"acf":[],"_links":{"self":[{"href":"https:\/\/www.alducadivenezia.com\/fr\/wp-json\/wp\/v2\/pages\/1395","targetHints":{"allow":["GET"]}}],"collection":[{"href":"https:\/\/www.alducadivenezia.com\/fr\/wp-json\/wp\/v2\/pages"}],"about":[{"href":"https:\/\/www.alducadivenezia.com\/fr\/wp-json\/wp\/v2\/types\/page"}],"author":[{"embeddable":true,"href":"https:\/\/www.alducadivenezia.com\/fr\/wp-json\/wp\/v2\/users\/12"}],"replies":[{"embeddable":true,"href":"https:\/\/www.alducadivenezia.com\/fr\/wp-json\/wp\/v2\/comments?post=1395"}],"version-history":[{"count":0,"href":"https:\/\/www.alducadivenezia.com\/fr\/wp-json\/wp\/v2\/pages\/1395\/revisions"}],"up":[{"embeddable":true,"href":"https:\/\/www.alducadivenezia.com\/fr\/wp-json\/wp\/v2\/pages\/1432"}],"wp:featuredmedia":[{"embeddable":true,"href":"https:\/\/www.alducadivenezia.com\/fr\/wp-json\/wp\/v2\/media\/1086"}],"wp:attachment":[{"href":"https:\/\/www.alducadivenezia.com\/fr\/wp-json\/wp\/v2\/media?parent=1395"}],"curies":[{"name":"wp","href":"https:\/\/api.w.org\/{rel}","templated":true}]}}