{"id":1370,"date":"2025-05-13T15:01:54","date_gmt":"2025-05-13T15:01:54","guid":{"rendered":"https:\/\/duca-di-venezia.ms2.decms.eu\/?page_id=1370"},"modified":"2025-07-31T13:58:37","modified_gmt":"2025-07-31T13:58:37","slug":"emplacement","status":"publish","type":"page","link":"https:\/\/www.alducadivenezia.com\/fr\/emplacement\/","title":{"rendered":"Emplacement"},"content":{"rendered":"<p>L\u2019<strong>h\u00f4tel Al Duca di Venezia<\/strong>, un\u00a0<strong>h\u00f4tel 3 \u00e9toiles<\/strong>\u00a0du quartier de\u00a0<strong>Santa Croce<\/strong>, est la r\u00e9sidence id\u00e9ale pour d\u00e9couvrir le c\u0153ur du\u00a0<strong>centre historique<\/strong>. Situ\u00e9 imm\u00e9diatement \u00e0 proximit\u00e9 du\u00a0<strong>Fontego dei Turchi<\/strong>, cet ancien palais donnant sur le\u00a0<strong>Grand Canal <\/strong>qui abrite aujourd\u2019hui le prestigieux mus\u00e9e d\u2019histoire naturelle, l\u2019\u00e9tablissement est situ\u00e9 dans un quartier calme qui permet de rejoindre facilement la\u00a0<strong>gare ferroviaire<\/strong>\u201c<strong>Santa Lucia<\/strong>\u201d et le terminal autoroutier de\u00a0<strong>Piazzale Roma<\/strong>.<\/p>\n","protected":false},"excerpt":{"rendered":"<p>L\u2019h\u00f4tel Al Duca di Venezia, un\u00a0h\u00f4tel 3 \u00e9toiles\u00a0du quartier de\u00a0Santa Croce, est la r\u00e9sidence id\u00e9ale pour d\u00e9couvrir le c\u0153ur du\u00a0centre historique. Situ\u00e9 imm\u00e9diatement \u00e0 proximit\u00e9 du\u00a0Fontego dei Turchi, cet ancien palais donnant sur le\u00a0Grand Canal qui abrite aujourd\u2019hui le prestigieux mus\u00e9e d\u2019histoire naturelle, l\u2019\u00e9tablissement est situ\u00e9 dans un quartier calme qui permet de rejoindre facilement [&hellip;]<\/p>\n","protected":false},"author":12,"featured_media":772,"parent":0,"menu_order":400,"comment_status":"closed","ping_status":"closed","template":"template-location.php","meta":{"footnotes":""},"class_list":["post-1370","page","type-page","status-publish","has-post-thumbnail","hentry"],"yoast_head":"<!-- This site is optimized with the Yoast SEO plugin v27.3 - https:\/\/yoast.com\/product\/yoast-seo-wordpress\/ -->\n<title>Emplacement &#8211; Hotel al Duca di Venezia<\/title>\n<meta name=\"description\" content=\"L\u2019h\u00f4tel Al Duca di Venezia, un\u00a0h\u00f4tel 3 \u00e9toiles\u00a0du quartier de\u00a0Santa Croce, est la r\u00e9sidence id\u00e9ale pour d\u00e9couvrir le c\u0153ur du\u00a0centre historique. Situ\u00e9 imm\u00e9diatement \u00e0 proximit\u00e9 du\u00a0Fontego dei Turchi, cet ancien palais donnant sur le\u00a0Grand Canal qui abrite aujourd\u2019hui le prestigieux mus\u00e9e d\u2019histoire naturelle, l\u2019\u00e9tablissement est situ\u00e9 dans un quartier calme qui permet de rejoindre facilement la\u00a0gare ferroviaire\u201cSanta Lucia\u201d et le terminal autoroutier de\u00a0Piazzale Roma.\" \/>\n<meta name=\"robots\" content=\"index, follow, max-snippet:-1, max-image-preview:large, max-video-preview:-1\" \/>\n<link rel=\"canonical\" href=\"https:\/\/www.alducadivenezia.com\/fr\/emplacement\/\" \/>\n<meta property=\"og:locale\" content=\"fr_FR\" \/>\n<meta property=\"og:type\" content=\"article\" \/>\n<meta property=\"og:title\" content=\"Emplacement &#8211; Hotel al Duca di Venezia\" \/>\n<meta property=\"og:description\" content=\"L\u2019h\u00f4tel Al Duca di Venezia, un\u00a0h\u00f4tel 3 \u00e9toiles\u00a0du quartier de\u00a0Santa Croce, est la r\u00e9sidence id\u00e9ale pour d\u00e9couvrir le c\u0153ur du\u00a0centre historique. Situ\u00e9 imm\u00e9diatement \u00e0 proximit\u00e9 du\u00a0Fontego dei Turchi, cet ancien palais donnant sur le\u00a0Grand Canal qui abrite aujourd\u2019hui le prestigieux mus\u00e9e d\u2019histoire naturelle, l\u2019\u00e9tablissement est situ\u00e9 dans un quartier calme qui permet de rejoindre facilement la\u00a0gare ferroviaire\u201cSanta Lucia\u201d et le terminal autoroutier de\u00a0Piazzale Roma.\" \/>\n<meta property=\"og:url\" content=\"https:\/\/www.alducadivenezia.com\/fr\/emplacement\/\" \/>\n<meta property=\"og:site_name\" content=\"Hotel al Duca di Venezia\" \/>\n<meta property=\"article:modified_time\" content=\"2025-07-31T13:58:37+00:00\" \/>\n<meta property=\"og:image\" content=\"https:\/\/www.alducadivenezia.com\/wp-content\/uploads\/sites\/241\/2025\/05\/martin-katler-MDZAbQApcKY-unsplash.jpg\" \/>\n\t<meta property=\"og:image:width\" content=\"1905\" \/>\n\t<meta property=\"og:image:height\" content=\"658\" \/>\n\t<meta property=\"og:image:type\" content=\"image\/jpeg\" \/>\n<meta name=\"twitter:card\" content=\"summary_large_image\" \/>\n<meta name=\"twitter:label1\" content=\"Dur\u00e9e de lecture estim\u00e9e\" \/>\n\t<meta name=\"twitter:data1\" content=\"1 minute\" \/>\n<script type=\"application\/ld+json\" class=\"yoast-schema-graph\">{\"@context\":\"https:\\\/\\\/schema.org\",\"@graph\":[{\"@type\":\"WebPage\",\"@id\":\"https:\\\/\\\/www.alducadivenezia.com\\\/fr\\\/emplacement\\\/\",\"url\":\"https:\\\/\\\/www.alducadivenezia.com\\\/fr\\\/emplacement\\\/\",\"name\":\"Emplacement &#8211; Hotel al Duca di Venezia\",\"isPartOf\":{\"@id\":\"https:\\\/\\\/www.alducadivenezia.com\\\/fr\\\/#website\"},\"primaryImageOfPage\":{\"@id\":\"https:\\\/\\\/www.alducadivenezia.com\\\/fr\\\/emplacement\\\/#primaryimage\"},\"image\":{\"@id\":\"https:\\\/\\\/www.alducadivenezia.com\\\/fr\\\/emplacement\\\/#primaryimage\"},\"thumbnailUrl\":\"https:\\\/\\\/www.alducadivenezia.com\\\/wp-content\\\/uploads\\\/sites\\\/241\\\/2025\\\/05\\\/martin-katler-MDZAbQApcKY-unsplash.jpg\",\"datePublished\":\"2025-05-13T15:01:54+00:00\",\"dateModified\":\"2025-07-31T13:58:37+00:00\",\"description\":\"L\u2019h\u00f4tel Al Duca di Venezia, un\u00a0h\u00f4tel 3 \u00e9toiles\u00a0du quartier de\u00a0Santa Croce, est la r\u00e9sidence id\u00e9ale pour d\u00e9couvrir le c\u0153ur du\u00a0centre historique. Situ\u00e9 imm\u00e9diatement \u00e0 proximit\u00e9 du\u00a0Fontego dei Turchi, cet ancien palais donnant sur le\u00a0Grand Canal qui abrite aujourd\u2019hui le prestigieux mus\u00e9e d\u2019histoire naturelle, l\u2019\u00e9tablissement est situ\u00e9 dans un quartier calme qui permet de rejoindre facilement la\u00a0gare ferroviaire\u201cSanta Lucia\u201d et le terminal autoroutier de\u00a0Piazzale Roma.\",\"breadcrumb\":{\"@id\":\"https:\\\/\\\/www.alducadivenezia.com\\\/fr\\\/emplacement\\\/#breadcrumb\"},\"inLanguage\":\"fr-FR\",\"potentialAction\":[{\"@type\":\"ReadAction\",\"target\":[\"https:\\\/\\\/www.alducadivenezia.com\\\/fr\\\/emplacement\\\/\"]}]},{\"@type\":\"ImageObject\",\"inLanguage\":\"fr-FR\",\"@id\":\"https:\\\/\\\/www.alducadivenezia.com\\\/fr\\\/emplacement\\\/#primaryimage\",\"url\":\"https:\\\/\\\/www.alducadivenezia.com\\\/wp-content\\\/uploads\\\/sites\\\/241\\\/2025\\\/05\\\/martin-katler-MDZAbQApcKY-unsplash.jpg\",\"contentUrl\":\"https:\\\/\\\/www.alducadivenezia.com\\\/wp-content\\\/uploads\\\/sites\\\/241\\\/2025\\\/05\\\/martin-katler-MDZAbQApcKY-unsplash.jpg\",\"width\":1905,\"height\":658},{\"@type\":\"BreadcrumbList\",\"@id\":\"https:\\\/\\\/www.alducadivenezia.com\\\/fr\\\/emplacement\\\/#breadcrumb\",\"itemListElement\":[{\"@type\":\"ListItem\",\"position\":1,\"name\":\"Home\",\"item\":\"https:\\\/\\\/www.alducadivenezia.com\\\/fr\\\/\"},{\"@type\":\"ListItem\",\"position\":2,\"name\":\"Emplacement\"}]},{\"@type\":\"WebSite\",\"@id\":\"https:\\\/\\\/www.alducadivenezia.com\\\/fr\\\/#website\",\"url\":\"https:\\\/\\\/www.alducadivenezia.com\\\/fr\\\/\",\"name\":\"Hotel al Duca di Venezia\",\"description\":\"Book a deluxe hotel In the historic center of Venice\",\"publisher\":{\"@id\":\"https:\\\/\\\/www.alducadivenezia.com\\\/fr\\\/#organization\"},\"alternateName\":\"Hotel al Duca di Venezia\",\"potentialAction\":[{\"@type\":\"SearchAction\",\"target\":{\"@type\":\"EntryPoint\",\"urlTemplate\":\"https:\\\/\\\/www.alducadivenezia.com\\\/fr\\\/?s={search_term_string}\"},\"query-input\":{\"@type\":\"PropertyValueSpecification\",\"valueRequired\":true,\"valueName\":\"search_term_string\"}}],\"inLanguage\":\"fr-FR\"},{\"@type\":\"Organization\",\"@id\":\"https:\\\/\\\/www.alducadivenezia.com\\\/fr\\\/#organization\",\"name\":\"Hotel al Duca di Venezia\",\"alternateName\":\"Hotel al Duca di Venezia\",\"url\":\"https:\\\/\\\/www.alducadivenezia.com\\\/fr\\\/\",\"logo\":{\"@type\":\"ImageObject\",\"inLanguage\":\"fr-FR\",\"@id\":\"https:\\\/\\\/www.alducadivenezia.com\\\/fr\\\/#\\\/schema\\\/logo\\\/image\\\/\",\"url\":\"https:\\\/\\\/duca-di-venezia.ms2.decms.eu\\\/wp-content\\\/uploads\\\/sites\\\/241\\\/2025\\\/04\\\/Screenshot-2023-08-24-114029.png\",\"contentUrl\":\"https:\\\/\\\/duca-di-venezia.ms2.decms.eu\\\/wp-content\\\/uploads\\\/sites\\\/241\\\/2025\\\/04\\\/Screenshot-2023-08-24-114029.png\",\"width\":201,\"height\":323,\"caption\":\"Hotel al Duca di Venezia\"},\"image\":{\"@id\":\"https:\\\/\\\/www.alducadivenezia.com\\\/fr\\\/#\\\/schema\\\/logo\\\/image\\\/\"},\"sameAs\":[\"https:\\\/\\\/www.instagram.com\\\/hotelalducadivenezia\\\/\"]}]}<\/script>\n<!-- \/ Yoast SEO plugin. -->","yoast_head_json":{"title":"Emplacement &#8211; Hotel al Duca di Venezia","description":"L\u2019h\u00f4tel Al Duca di Venezia, un\u00a0h\u00f4tel 3 \u00e9toiles\u00a0du quartier de\u00a0Santa Croce, est la r\u00e9sidence id\u00e9ale pour d\u00e9couvrir le c\u0153ur du\u00a0centre historique. Situ\u00e9 imm\u00e9diatement \u00e0 proximit\u00e9 du\u00a0Fontego dei Turchi, cet ancien palais donnant sur le\u00a0Grand Canal qui abrite aujourd\u2019hui le prestigieux mus\u00e9e d\u2019histoire naturelle, l\u2019\u00e9tablissement est situ\u00e9 dans un quartier calme qui permet de rejoindre facilement la\u00a0gare ferroviaire\u201cSanta Lucia\u201d et le terminal autoroutier de\u00a0Piazzale Roma.","robots":{"index":"index","follow":"follow","max-snippet":"max-snippet:-1","max-image-preview":"max-image-preview:large","max-video-preview":"max-video-preview:-1"},"canonical":"https:\/\/www.alducadivenezia.com\/fr\/emplacement\/","og_locale":"fr_FR","og_type":"article","og_title":"Emplacement &#8211; Hotel al Duca di Venezia","og_description":"L\u2019h\u00f4tel Al Duca di Venezia, un\u00a0h\u00f4tel 3 \u00e9toiles\u00a0du quartier de\u00a0Santa Croce, est la r\u00e9sidence id\u00e9ale pour d\u00e9couvrir le c\u0153ur du\u00a0centre historique. Situ\u00e9 imm\u00e9diatement \u00e0 proximit\u00e9 du\u00a0Fontego dei Turchi, cet ancien palais donnant sur le\u00a0Grand Canal qui abrite aujourd\u2019hui le prestigieux mus\u00e9e d\u2019histoire naturelle, l\u2019\u00e9tablissement est situ\u00e9 dans un quartier calme qui permet de rejoindre facilement la\u00a0gare ferroviaire\u201cSanta Lucia\u201d et le terminal autoroutier de\u00a0Piazzale Roma.","og_url":"https:\/\/www.alducadivenezia.com\/fr\/emplacement\/","og_site_name":"Hotel al Duca di Venezia","article_modified_time":"2025-07-31T13:58:37+00:00","og_image":[{"width":1905,"height":658,"url":"https:\/\/www.alducadivenezia.com\/wp-content\/uploads\/sites\/241\/2025\/05\/martin-katler-MDZAbQApcKY-unsplash.jpg","type":"image\/jpeg"}],"twitter_card":"summary_large_image","twitter_misc":{"Dur\u00e9e de lecture estim\u00e9e":"1 minute"},"schema":{"@context":"https:\/\/schema.org","@graph":[{"@type":"WebPage","@id":"https:\/\/www.alducadivenezia.com\/fr\/emplacement\/","url":"https:\/\/www.alducadivenezia.com\/fr\/emplacement\/","name":"Emplacement &#8211; Hotel al Duca di Venezia","isPartOf":{"@id":"https:\/\/www.alducadivenezia.com\/fr\/#website"},"primaryImageOfPage":{"@id":"https:\/\/www.alducadivenezia.com\/fr\/emplacement\/#primaryimage"},"image":{"@id":"https:\/\/www.alducadivenezia.com\/fr\/emplacement\/#primaryimage"},"thumbnailUrl":"https:\/\/www.alducadivenezia.com\/wp-content\/uploads\/sites\/241\/2025\/05\/martin-katler-MDZAbQApcKY-unsplash.jpg","datePublished":"2025-05-13T15:01:54+00:00","dateModified":"2025-07-31T13:58:37+00:00","description":"L\u2019h\u00f4tel Al Duca di Venezia, un\u00a0h\u00f4tel 3 \u00e9toiles\u00a0du quartier de\u00a0Santa Croce, est la r\u00e9sidence id\u00e9ale pour d\u00e9couvrir le c\u0153ur du\u00a0centre historique. Situ\u00e9 imm\u00e9diatement \u00e0 proximit\u00e9 du\u00a0Fontego dei Turchi, cet ancien palais donnant sur le\u00a0Grand Canal qui abrite aujourd\u2019hui le prestigieux mus\u00e9e d\u2019histoire naturelle, l\u2019\u00e9tablissement est situ\u00e9 dans un quartier calme qui permet de rejoindre facilement la\u00a0gare ferroviaire\u201cSanta Lucia\u201d et le terminal autoroutier de\u00a0Piazzale Roma.","breadcrumb":{"@id":"https:\/\/www.alducadivenezia.com\/fr\/emplacement\/#breadcrumb"},"inLanguage":"fr-FR","potentialAction":[{"@type":"ReadAction","target":["https:\/\/www.alducadivenezia.com\/fr\/emplacement\/"]}]},{"@type":"ImageObject","inLanguage":"fr-FR","@id":"https:\/\/www.alducadivenezia.com\/fr\/emplacement\/#primaryimage","url":"https:\/\/www.alducadivenezia.com\/wp-content\/uploads\/sites\/241\/2025\/05\/martin-katler-MDZAbQApcKY-unsplash.jpg","contentUrl":"https:\/\/www.alducadivenezia.com\/wp-content\/uploads\/sites\/241\/2025\/05\/martin-katler-MDZAbQApcKY-unsplash.jpg","width":1905,"height":658},{"@type":"BreadcrumbList","@id":"https:\/\/www.alducadivenezia.com\/fr\/emplacement\/#breadcrumb","itemListElement":[{"@type":"ListItem","position":1,"name":"Home","item":"https:\/\/www.alducadivenezia.com\/fr\/"},{"@type":"ListItem","position":2,"name":"Emplacement"}]},{"@type":"WebSite","@id":"https:\/\/www.alducadivenezia.com\/fr\/#website","url":"https:\/\/www.alducadivenezia.com\/fr\/","name":"Hotel al Duca di Venezia","description":"Book a deluxe hotel In the historic center of Venice","publisher":{"@id":"https:\/\/www.alducadivenezia.com\/fr\/#organization"},"alternateName":"Hotel al Duca di Venezia","potentialAction":[{"@type":"SearchAction","target":{"@type":"EntryPoint","urlTemplate":"https:\/\/www.alducadivenezia.com\/fr\/?s={search_term_string}"},"query-input":{"@type":"PropertyValueSpecification","valueRequired":true,"valueName":"search_term_string"}}],"inLanguage":"fr-FR"},{"@type":"Organization","@id":"https:\/\/www.alducadivenezia.com\/fr\/#organization","name":"Hotel al Duca di Venezia","alternateName":"Hotel al Duca di Venezia","url":"https:\/\/www.alducadivenezia.com\/fr\/","logo":{"@type":"ImageObject","inLanguage":"fr-FR","@id":"https:\/\/www.alducadivenezia.com\/fr\/#\/schema\/logo\/image\/","url":"https:\/\/duca-di-venezia.ms2.decms.eu\/wp-content\/uploads\/sites\/241\/2025\/04\/Screenshot-2023-08-24-114029.png","contentUrl":"https:\/\/duca-di-venezia.ms2.decms.eu\/wp-content\/uploads\/sites\/241\/2025\/04\/Screenshot-2023-08-24-114029.png","width":201,"height":323,"caption":"Hotel al Duca di Venezia"},"image":{"@id":"https:\/\/www.alducadivenezia.com\/fr\/#\/schema\/logo\/image\/"},"sameAs":["https:\/\/www.instagram.com\/hotelalducadivenezia\/"]}]}},"acf":[],"_links":{"self":[{"href":"https:\/\/www.alducadivenezia.com\/fr\/wp-json\/wp\/v2\/pages\/1370","targetHints":{"allow":["GET"]}}],"collection":[{"href":"https:\/\/www.alducadivenezia.com\/fr\/wp-json\/wp\/v2\/pages"}],"about":[{"href":"https:\/\/www.alducadivenezia.com\/fr\/wp-json\/wp\/v2\/types\/page"}],"author":[{"embeddable":true,"href":"https:\/\/www.alducadivenezia.com\/fr\/wp-json\/wp\/v2\/users\/12"}],"replies":[{"embeddable":true,"href":"https:\/\/www.alducadivenezia.com\/fr\/wp-json\/wp\/v2\/comments?post=1370"}],"version-history":[{"count":0,"href":"https:\/\/www.alducadivenezia.com\/fr\/wp-json\/wp\/v2\/pages\/1370\/revisions"}],"wp:featuredmedia":[{"embeddable":true,"href":"https:\/\/www.alducadivenezia.com\/fr\/wp-json\/wp\/v2\/media\/772"}],"wp:attachment":[{"href":"https:\/\/www.alducadivenezia.com\/fr\/wp-json\/wp\/v2\/media?parent=1370"}],"curies":[{"name":"wp","href":"https:\/\/api.w.org\/{rel}","templated":true}]}}