{"id":1409,"date":"2025-05-13T10:14:32","date_gmt":"2025-05-13T10:14:32","guid":{"rendered":"https:\/\/duca-di-venezia.ms2.decms.eu\/?page_id=1409"},"modified":"2025-08-04T09:44:35","modified_gmt":"2025-08-04T09:44:35","slug":"family","status":"publish","type":"page","link":"https:\/\/www.alducadivenezia.com\/es\/habitaciones\/family\/","title":{"rendered":"Habitaci\u00f3n Superior Family"},"content":{"rendered":"<p>Elegantes habitaciones triples y cu\u00e1druples con\u00a0camas king size y \/ o camas individuales de 27 a 33 metros cuadrados, amplias y amuebladas con buen gusto con muebles venecianos antiguos, l\u00e1mparas de Murano,\u00a0totalmente inmersas en la atm\u00f3sfera m\u00e1gica de Venecia. Tambi\u00e9n es perfecto para unas vacaciones con la familia o un grupo de amigos.<\/p>\n","protected":false},"excerpt":{"rendered":"<p>Elegantes habitaciones triples y cu\u00e1druples con\u00a0camas king size y \/ o camas individuales de 27 a 33 metros cuadrados, amplias y amuebladas con buen gusto con muebles venecianos antiguos, l\u00e1mparas de Murano,\u00a0totalmente inmersas en la atm\u00f3sfera m\u00e1gica de Venecia. Tambi\u00e9n es perfecto para unas vacaciones con la familia o un grupo de amigos.<\/p>\n","protected":false},"author":12,"featured_media":420,"parent":1436,"menu_order":11,"comment_status":"closed","ping_status":"closed","template":"template-single-room.php","meta":{"footnotes":""},"yoast_head":"<!-- This site is optimized with the Yoast SEO plugin v22.3 - https:\/\/yoast.com\/wordpress\/plugins\/seo\/ -->\n<title>Habitaci\u00f3n Superior Family &#8211; Hotel al Duca di Venezia<\/title>\n<meta name=\"description\" content=\"Elegantes habitaciones triples y cu\u00e1druples con\u00a0camas king size y \/ o camas individuales de 27 a 33 metros cuadrados, amplias y amuebladas con buen gusto con muebles venecianos antiguos, l\u00e1mparas de Murano,\u00a0totalmente inmersas en la atm\u00f3sfera m\u00e1gica de Venecia. Tambi\u00e9n es perfecto para unas vacaciones con la familia o un grupo de amigos.\" \/>\n<meta name=\"robots\" content=\"index, follow, max-snippet:-1, max-image-preview:large, max-video-preview:-1\" \/>\n<link rel=\"canonical\" href=\"https:\/\/www.alducadivenezia.com\/es\/habitaciones\/family\/\" \/>\n<meta property=\"og:locale\" content=\"es_ES\" \/>\n<meta property=\"og:type\" content=\"article\" \/>\n<meta property=\"og:title\" content=\"Habitaci\u00f3n Superior Family &#8211; Hotel al Duca di Venezia\" \/>\n<meta property=\"og:description\" content=\"Elegantes habitaciones triples y cu\u00e1druples con\u00a0camas king size y \/ o camas individuales de 27 a 33 metros cuadrados, amplias y amuebladas con buen gusto con muebles venecianos antiguos, l\u00e1mparas de Murano,\u00a0totalmente inmersas en la atm\u00f3sfera m\u00e1gica de Venecia. Tambi\u00e9n es perfecto para unas vacaciones con la familia o un grupo de amigos.\" \/>\n<meta property=\"og:url\" content=\"https:\/\/www.alducadivenezia.com\/es\/habitaciones\/family\/\" \/>\n<meta property=\"og:site_name\" content=\"Hotel al Duca di Venezia\" \/>\n<meta property=\"article:modified_time\" content=\"2025-08-04T09:44:35+00:00\" \/>\n<meta property=\"og:image\" content=\"https:\/\/www.alducadivenezia.com\/wp-content\/uploads\/sites\/241\/2025\/05\/Al-Duca-2261-1000x666-1.jpg\" \/>\n\t<meta property=\"og:image:width\" content=\"1000\" \/>\n\t<meta property=\"og:image:height\" content=\"666\" \/>\n\t<meta property=\"og:image:type\" content=\"image\/jpeg\" \/>\n<meta name=\"twitter:card\" content=\"summary_large_image\" \/>\n<meta name=\"twitter:label1\" content=\"Tiempo de lectura\" \/>\n\t<meta name=\"twitter:data1\" content=\"1 minuto\" \/>\n<script type=\"application\/ld+json\" class=\"yoast-schema-graph\">{\"@context\":\"https:\/\/schema.org\",\"@graph\":[{\"@type\":\"WebPage\",\"@id\":\"https:\/\/www.alducadivenezia.com\/es\/habitaciones\/family\/\",\"url\":\"https:\/\/www.alducadivenezia.com\/es\/habitaciones\/family\/\",\"name\":\"Habitaci\u00f3n Superior Family &#8211; Hotel al Duca di Venezia\",\"isPartOf\":{\"@id\":\"https:\/\/www.alducadivenezia.com\/es\/#website\"},\"primaryImageOfPage\":{\"@id\":\"https:\/\/www.alducadivenezia.com\/es\/habitaciones\/family\/#primaryimage\"},\"image\":{\"@id\":\"https:\/\/www.alducadivenezia.com\/es\/habitaciones\/family\/#primaryimage\"},\"thumbnailUrl\":\"https:\/\/www.alducadivenezia.com\/wp-content\/uploads\/sites\/241\/2025\/05\/Al-Duca-2261-1000x666-1.jpg\",\"datePublished\":\"2025-05-13T10:14:32+00:00\",\"dateModified\":\"2025-08-04T09:44:35+00:00\",\"description\":\"Elegantes habitaciones triples y cu\u00e1druples con\u00a0camas king size y \/ o camas individuales de 27 a 33 metros cuadrados, amplias y amuebladas con buen gusto con muebles venecianos antiguos, l\u00e1mparas de Murano,\u00a0totalmente inmersas en la atm\u00f3sfera m\u00e1gica de Venecia. Tambi\u00e9n es perfecto para unas vacaciones con la familia o un grupo de amigos.\",\"breadcrumb\":{\"@id\":\"https:\/\/www.alducadivenezia.com\/es\/habitaciones\/family\/#breadcrumb\"},\"inLanguage\":\"es\",\"potentialAction\":[{\"@type\":\"ReadAction\",\"target\":[\"https:\/\/www.alducadivenezia.com\/es\/habitaciones\/family\/\"]}]},{\"@type\":\"ImageObject\",\"inLanguage\":\"es\",\"@id\":\"https:\/\/www.alducadivenezia.com\/es\/habitaciones\/family\/#primaryimage\",\"url\":\"https:\/\/www.alducadivenezia.com\/wp-content\/uploads\/sites\/241\/2025\/05\/Al-Duca-2261-1000x666-1.jpg\",\"contentUrl\":\"https:\/\/www.alducadivenezia.com\/wp-content\/uploads\/sites\/241\/2025\/05\/Al-Duca-2261-1000x666-1.jpg\",\"width\":1000,\"height\":666},{\"@type\":\"BreadcrumbList\",\"@id\":\"https:\/\/www.alducadivenezia.com\/es\/habitaciones\/family\/#breadcrumb\",\"itemListElement\":[{\"@type\":\"ListItem\",\"position\":1,\"name\":\"Home\",\"item\":\"https:\/\/www.alducadivenezia.com\/es\/\"},{\"@type\":\"ListItem\",\"position\":2,\"name\":\"Habitaciones\",\"item\":\"https:\/\/www.alducadivenezia.com\/es\/habitaciones\/\"},{\"@type\":\"ListItem\",\"position\":3,\"name\":\"Habitaci\u00f3n Superior Family\"}]},{\"@type\":\"WebSite\",\"@id\":\"https:\/\/www.alducadivenezia.com\/es\/#website\",\"url\":\"https:\/\/www.alducadivenezia.com\/es\/\",\"name\":\"Hotel al Duca di Venezia\",\"description\":\"Book a deluxe hotel In the historic center of Venice\",\"publisher\":{\"@id\":\"https:\/\/www.alducadivenezia.com\/es\/#organization\"},\"alternateName\":\"Hotel al Duca di Venezia\",\"potentialAction\":[{\"@type\":\"SearchAction\",\"target\":{\"@type\":\"EntryPoint\",\"urlTemplate\":\"https:\/\/www.alducadivenezia.com\/es\/?s={search_term_string}\"},\"query-input\":\"required name=search_term_string\"}],\"inLanguage\":\"es\"},{\"@type\":\"Organization\",\"@id\":\"https:\/\/www.alducadivenezia.com\/es\/#organization\",\"name\":\"Hotel al Duca di Venezia\",\"alternateName\":\"Hotel al Duca di Venezia\",\"url\":\"https:\/\/www.alducadivenezia.com\/es\/\",\"logo\":{\"@type\":\"ImageObject\",\"inLanguage\":\"es\",\"@id\":\"https:\/\/www.alducadivenezia.com\/es\/#\/schema\/logo\/image\/\",\"url\":\"https:\/\/duca-di-venezia.ms2.decms.eu\/wp-content\/uploads\/sites\/241\/2025\/04\/Screenshot-2023-08-24-114029.png\",\"contentUrl\":\"https:\/\/duca-di-venezia.ms2.decms.eu\/wp-content\/uploads\/sites\/241\/2025\/04\/Screenshot-2023-08-24-114029.png\",\"width\":201,\"height\":323,\"caption\":\"Hotel al Duca di Venezia\"},\"image\":{\"@id\":\"https:\/\/www.alducadivenezia.com\/es\/#\/schema\/logo\/image\/\"},\"sameAs\":[\"https:\/\/www.instagram.com\/hotelalducadivenezia\/\"]}]}<\/script>\n<!-- \/ Yoast SEO plugin. -->","yoast_head_json":{"title":"Habitaci\u00f3n Superior Family &#8211; Hotel al Duca di Venezia","description":"Elegantes habitaciones triples y cu\u00e1druples con\u00a0camas king size y \/ o camas individuales de 27 a 33 metros cuadrados, amplias y amuebladas con buen gusto con muebles venecianos antiguos, l\u00e1mparas de Murano,\u00a0totalmente inmersas en la atm\u00f3sfera m\u00e1gica de Venecia. Tambi\u00e9n es perfecto para unas vacaciones con la familia o un grupo de amigos.","robots":{"index":"index","follow":"follow","max-snippet":"max-snippet:-1","max-image-preview":"max-image-preview:large","max-video-preview":"max-video-preview:-1"},"canonical":"https:\/\/www.alducadivenezia.com\/es\/habitaciones\/family\/","og_locale":"es_ES","og_type":"article","og_title":"Habitaci\u00f3n Superior Family &#8211; Hotel al Duca di Venezia","og_description":"Elegantes habitaciones triples y cu\u00e1druples con\u00a0camas king size y \/ o camas individuales de 27 a 33 metros cuadrados, amplias y amuebladas con buen gusto con muebles venecianos antiguos, l\u00e1mparas de Murano,\u00a0totalmente inmersas en la atm\u00f3sfera m\u00e1gica de Venecia. Tambi\u00e9n es perfecto para unas vacaciones con la familia o un grupo de amigos.","og_url":"https:\/\/www.alducadivenezia.com\/es\/habitaciones\/family\/","og_site_name":"Hotel al Duca di Venezia","article_modified_time":"2025-08-04T09:44:35+00:00","og_image":[{"width":1000,"height":666,"url":"https:\/\/www.alducadivenezia.com\/wp-content\/uploads\/sites\/241\/2025\/05\/Al-Duca-2261-1000x666-1.jpg","type":"image\/jpeg"}],"twitter_card":"summary_large_image","twitter_misc":{"Tiempo de lectura":"1 minuto"},"schema":{"@context":"https:\/\/schema.org","@graph":[{"@type":"WebPage","@id":"https:\/\/www.alducadivenezia.com\/es\/habitaciones\/family\/","url":"https:\/\/www.alducadivenezia.com\/es\/habitaciones\/family\/","name":"Habitaci\u00f3n Superior Family &#8211; Hotel al Duca di Venezia","isPartOf":{"@id":"https:\/\/www.alducadivenezia.com\/es\/#website"},"primaryImageOfPage":{"@id":"https:\/\/www.alducadivenezia.com\/es\/habitaciones\/family\/#primaryimage"},"image":{"@id":"https:\/\/www.alducadivenezia.com\/es\/habitaciones\/family\/#primaryimage"},"thumbnailUrl":"https:\/\/www.alducadivenezia.com\/wp-content\/uploads\/sites\/241\/2025\/05\/Al-Duca-2261-1000x666-1.jpg","datePublished":"2025-05-13T10:14:32+00:00","dateModified":"2025-08-04T09:44:35+00:00","description":"Elegantes habitaciones triples y cu\u00e1druples con\u00a0camas king size y \/ o camas individuales de 27 a 33 metros cuadrados, amplias y amuebladas con buen gusto con muebles venecianos antiguos, l\u00e1mparas de Murano,\u00a0totalmente inmersas en la atm\u00f3sfera m\u00e1gica de Venecia. Tambi\u00e9n es perfecto para unas vacaciones con la familia o un grupo de amigos.","breadcrumb":{"@id":"https:\/\/www.alducadivenezia.com\/es\/habitaciones\/family\/#breadcrumb"},"inLanguage":"es","potentialAction":[{"@type":"ReadAction","target":["https:\/\/www.alducadivenezia.com\/es\/habitaciones\/family\/"]}]},{"@type":"ImageObject","inLanguage":"es","@id":"https:\/\/www.alducadivenezia.com\/es\/habitaciones\/family\/#primaryimage","url":"https:\/\/www.alducadivenezia.com\/wp-content\/uploads\/sites\/241\/2025\/05\/Al-Duca-2261-1000x666-1.jpg","contentUrl":"https:\/\/www.alducadivenezia.com\/wp-content\/uploads\/sites\/241\/2025\/05\/Al-Duca-2261-1000x666-1.jpg","width":1000,"height":666},{"@type":"BreadcrumbList","@id":"https:\/\/www.alducadivenezia.com\/es\/habitaciones\/family\/#breadcrumb","itemListElement":[{"@type":"ListItem","position":1,"name":"Home","item":"https:\/\/www.alducadivenezia.com\/es\/"},{"@type":"ListItem","position":2,"name":"Habitaciones","item":"https:\/\/www.alducadivenezia.com\/es\/habitaciones\/"},{"@type":"ListItem","position":3,"name":"Habitaci\u00f3n Superior Family"}]},{"@type":"WebSite","@id":"https:\/\/www.alducadivenezia.com\/es\/#website","url":"https:\/\/www.alducadivenezia.com\/es\/","name":"Hotel al Duca di Venezia","description":"Book a deluxe hotel In the historic center of Venice","publisher":{"@id":"https:\/\/www.alducadivenezia.com\/es\/#organization"},"alternateName":"Hotel al Duca di Venezia","potentialAction":[{"@type":"SearchAction","target":{"@type":"EntryPoint","urlTemplate":"https:\/\/www.alducadivenezia.com\/es\/?s={search_term_string}"},"query-input":"required name=search_term_string"}],"inLanguage":"es"},{"@type":"Organization","@id":"https:\/\/www.alducadivenezia.com\/es\/#organization","name":"Hotel al Duca di Venezia","alternateName":"Hotel al Duca di Venezia","url":"https:\/\/www.alducadivenezia.com\/es\/","logo":{"@type":"ImageObject","inLanguage":"es","@id":"https:\/\/www.alducadivenezia.com\/es\/#\/schema\/logo\/image\/","url":"https:\/\/duca-di-venezia.ms2.decms.eu\/wp-content\/uploads\/sites\/241\/2025\/04\/Screenshot-2023-08-24-114029.png","contentUrl":"https:\/\/duca-di-venezia.ms2.decms.eu\/wp-content\/uploads\/sites\/241\/2025\/04\/Screenshot-2023-08-24-114029.png","width":201,"height":323,"caption":"Hotel al Duca di Venezia"},"image":{"@id":"https:\/\/www.alducadivenezia.com\/es\/#\/schema\/logo\/image\/"},"sameAs":["https:\/\/www.instagram.com\/hotelalducadivenezia\/"]}]}},"acf":[],"_links":{"self":[{"href":"https:\/\/www.alducadivenezia.com\/es\/wp-json\/wp\/v2\/pages\/1409"}],"collection":[{"href":"https:\/\/www.alducadivenezia.com\/es\/wp-json\/wp\/v2\/pages"}],"about":[{"href":"https:\/\/www.alducadivenezia.com\/es\/wp-json\/wp\/v2\/types\/page"}],"author":[{"embeddable":true,"href":"https:\/\/www.alducadivenezia.com\/es\/wp-json\/wp\/v2\/users\/12"}],"replies":[{"embeddable":true,"href":"https:\/\/www.alducadivenezia.com\/es\/wp-json\/wp\/v2\/comments?post=1409"}],"version-history":[{"count":0,"href":"https:\/\/www.alducadivenezia.com\/es\/wp-json\/wp\/v2\/pages\/1409\/revisions"}],"up":[{"embeddable":true,"href":"https:\/\/www.alducadivenezia.com\/es\/wp-json\/wp\/v2\/pages\/1436"}],"wp:featuredmedia":[{"embeddable":true,"href":"https:\/\/www.alducadivenezia.com\/es\/wp-json\/wp\/v2\/media\/420"}],"wp:attachment":[{"href":"https:\/\/www.alducadivenezia.com\/es\/wp-json\/wp\/v2\/media?parent=1409"}],"curies":[{"name":"wp","href":"https:\/\/api.w.org\/{rel}","templated":true}]}}