{"id":1438,"date":"2025-04-23T08:15:57","date_gmt":"2025-04-23T08:15:57","guid":{"rendered":"https:\/\/duca-di-venezia.ms2.decms.eu\/?page_id=1438"},"modified":"2025-09-04T12:35:27","modified_gmt":"2025-09-04T12:35:27","slug":"wohnungen","status":"publish","type":"page","link":"https:\/\/www.alducadivenezia.com\/de\/wohnungen\/","title":{"rendered":"Wohnung"},"content":{"rendered":"<p>Das\u00a0<strong>Al Duca di Venezia<\/strong>\u00a0erweitert sein gastfreundliches Angebot durch bezaubernde\u00a0<strong>Ferienwohnungen<\/strong>\u00a0im Herzen von\u00a0<strong>Venedig<\/strong>, nur wenige Schritte von der\u00a0<strong>Rialtobr\u00fccke<\/strong>und vom historischen Fischmarkt entfernt.<\/p>\n<p>Unweit vom Hotel (150 m) bieten die Apartments an einem kleinen Platz am Ca\u2018 Zusto, einem wundersch\u00f6nen Geb\u00e4ude aus dem 15. Jahrhundert, die M\u00f6glichkeit, das Venedig der Venezianer kennen zu lernen.<\/p>\n","protected":false},"excerpt":{"rendered":"<p>Das\u00a0Al Duca di Venezia\u00a0erweitert sein gastfreundliches Angebot durch bezaubernde\u00a0Ferienwohnungen\u00a0im Herzen von\u00a0Venedig, nur wenige Schritte von der\u00a0Rialtobr\u00fcckeund vom historischen Fischmarkt entfernt. Unweit vom Hotel (150 m) bieten die Apartments an einem kleinen Platz am Ca\u2018 Zusto, einem wundersch\u00f6nen Geb\u00e4ude aus dem 15. Jahrhundert, die M\u00f6glichkeit, das Venedig der Venezianer kennen zu lernen.<\/p>\n","protected":false},"author":12,"featured_media":1201,"parent":0,"menu_order":30,"comment_status":"closed","ping_status":"closed","template":"template-rooms.php","meta":{"footnotes":""},"yoast_head":"<!-- This site is optimized with the Yoast SEO plugin v22.3 - https:\/\/yoast.com\/wordpress\/plugins\/seo\/ -->\n<title>Wohnung &#8211; Hotel al Duca di Venezia<\/title>\n<meta name=\"description\" content=\"Das\u00a0Al Duca di Venezia\u00a0erweitert sein gastfreundliches Angebot durch bezaubernde\u00a0Ferienwohnungen\u00a0im Herzen von\u00a0Venedig, nur wenige Schritte von der\u00a0Rialtobr\u00fcckeund vom historischen Fischmarkt entfernt.  Unweit vom Hotel (150 m) bieten die Apartments an einem kleinen Platz am Ca\u2018 Zusto, einem wundersch\u00f6nen Geb\u00e4ude aus dem 15. Jahrhundert, die M\u00f6glichkeit, das Venedig der Venezianer kennen zu lernen.\" \/>\n<meta name=\"robots\" content=\"index, follow, max-snippet:-1, max-image-preview:large, max-video-preview:-1\" \/>\n<link rel=\"canonical\" href=\"https:\/\/www.alducadivenezia.com\/de\/wohnungen\/\" \/>\n<meta property=\"og:locale\" content=\"de_DE\" \/>\n<meta property=\"og:type\" content=\"article\" \/>\n<meta property=\"og:title\" content=\"Wohnung &#8211; Hotel al Duca di Venezia\" \/>\n<meta property=\"og:description\" content=\"Das\u00a0Al Duca di Venezia\u00a0erweitert sein gastfreundliches Angebot durch bezaubernde\u00a0Ferienwohnungen\u00a0im Herzen von\u00a0Venedig, nur wenige Schritte von der\u00a0Rialtobr\u00fcckeund vom historischen Fischmarkt entfernt.  Unweit vom Hotel (150 m) bieten die Apartments an einem kleinen Platz am Ca\u2018 Zusto, einem wundersch\u00f6nen Geb\u00e4ude aus dem 15. Jahrhundert, die M\u00f6glichkeit, das Venedig der Venezianer kennen zu lernen.\" \/>\n<meta property=\"og:url\" content=\"https:\/\/www.alducadivenezia.com\/de\/wohnungen\/\" \/>\n<meta property=\"og:site_name\" content=\"Hotel al Duca di Venezia\" \/>\n<meta property=\"article:modified_time\" content=\"2025-09-04T12:35:27+00:00\" \/>\n<meta property=\"og:image\" content=\"https:\/\/www.alducadivenezia.com\/wp-content\/uploads\/sites\/241\/2025\/07\/Al-Duca-211.jpg\" \/>\n\t<meta property=\"og:image:width\" content=\"1500\" \/>\n\t<meta property=\"og:image:height\" content=\"999\" \/>\n\t<meta property=\"og:image:type\" content=\"image\/jpeg\" \/>\n<meta name=\"twitter:card\" content=\"summary_large_image\" \/>\n<meta name=\"twitter:label1\" content=\"Gesch\u00e4tzte Lesezeit\" \/>\n\t<meta name=\"twitter:data1\" content=\"1 Minute\" \/>\n<script type=\"application\/ld+json\" class=\"yoast-schema-graph\">{\"@context\":\"https:\/\/schema.org\",\"@graph\":[{\"@type\":\"WebPage\",\"@id\":\"https:\/\/www.alducadivenezia.com\/de\/wohnungen\/\",\"url\":\"https:\/\/www.alducadivenezia.com\/de\/wohnungen\/\",\"name\":\"Wohnung &#8211; Hotel al Duca di Venezia\",\"isPartOf\":{\"@id\":\"https:\/\/www.alducadivenezia.com\/de\/#website\"},\"primaryImageOfPage\":{\"@id\":\"https:\/\/www.alducadivenezia.com\/de\/wohnungen\/#primaryimage\"},\"image\":{\"@id\":\"https:\/\/www.alducadivenezia.com\/de\/wohnungen\/#primaryimage\"},\"thumbnailUrl\":\"https:\/\/www.alducadivenezia.com\/wp-content\/uploads\/sites\/241\/2025\/07\/Al-Duca-211.jpg\",\"datePublished\":\"2025-04-23T08:15:57+00:00\",\"dateModified\":\"2025-09-04T12:35:27+00:00\",\"description\":\"Das\u00a0Al Duca di Venezia\u00a0erweitert sein gastfreundliches Angebot durch bezaubernde\u00a0Ferienwohnungen\u00a0im Herzen von\u00a0Venedig, nur wenige Schritte von der\u00a0Rialtobr\u00fcckeund vom historischen Fischmarkt entfernt. Unweit vom Hotel (150 m) bieten die Apartments an einem kleinen Platz am Ca\u2018 Zusto, einem wundersch\u00f6nen Geb\u00e4ude aus dem 15. Jahrhundert, die M\u00f6glichkeit, das Venedig der Venezianer kennen zu lernen.\",\"breadcrumb\":{\"@id\":\"https:\/\/www.alducadivenezia.com\/de\/wohnungen\/#breadcrumb\"},\"inLanguage\":\"de-DE\",\"potentialAction\":[{\"@type\":\"ReadAction\",\"target\":[\"https:\/\/www.alducadivenezia.com\/de\/wohnungen\/\"]}]},{\"@type\":\"ImageObject\",\"inLanguage\":\"de-DE\",\"@id\":\"https:\/\/www.alducadivenezia.com\/de\/wohnungen\/#primaryimage\",\"url\":\"https:\/\/www.alducadivenezia.com\/wp-content\/uploads\/sites\/241\/2025\/07\/Al-Duca-211.jpg\",\"contentUrl\":\"https:\/\/www.alducadivenezia.com\/wp-content\/uploads\/sites\/241\/2025\/07\/Al-Duca-211.jpg\",\"width\":1500,\"height\":999},{\"@type\":\"BreadcrumbList\",\"@id\":\"https:\/\/www.alducadivenezia.com\/de\/wohnungen\/#breadcrumb\",\"itemListElement\":[{\"@type\":\"ListItem\",\"position\":1,\"name\":\"Home\",\"item\":\"https:\/\/www.alducadivenezia.com\/de\/\"},{\"@type\":\"ListItem\",\"position\":2,\"name\":\"Wohnung\"}]},{\"@type\":\"WebSite\",\"@id\":\"https:\/\/www.alducadivenezia.com\/de\/#website\",\"url\":\"https:\/\/www.alducadivenezia.com\/de\/\",\"name\":\"Hotel al Duca di Venezia\",\"description\":\"Book a deluxe hotel In the historic center of Venice\",\"publisher\":{\"@id\":\"https:\/\/www.alducadivenezia.com\/de\/#organization\"},\"alternateName\":\"Hotel al Duca di Venezia\",\"potentialAction\":[{\"@type\":\"SearchAction\",\"target\":{\"@type\":\"EntryPoint\",\"urlTemplate\":\"https:\/\/www.alducadivenezia.com\/de\/?s={search_term_string}\"},\"query-input\":\"required name=search_term_string\"}],\"inLanguage\":\"de-DE\"},{\"@type\":\"Organization\",\"@id\":\"https:\/\/www.alducadivenezia.com\/de\/#organization\",\"name\":\"Hotel al Duca di Venezia\",\"alternateName\":\"Hotel al Duca di Venezia\",\"url\":\"https:\/\/www.alducadivenezia.com\/de\/\",\"logo\":{\"@type\":\"ImageObject\",\"inLanguage\":\"de-DE\",\"@id\":\"https:\/\/www.alducadivenezia.com\/de\/#\/schema\/logo\/image\/\",\"url\":\"https:\/\/duca-di-venezia.ms2.decms.eu\/wp-content\/uploads\/sites\/241\/2025\/04\/Screenshot-2023-08-24-114029.png\",\"contentUrl\":\"https:\/\/duca-di-venezia.ms2.decms.eu\/wp-content\/uploads\/sites\/241\/2025\/04\/Screenshot-2023-08-24-114029.png\",\"width\":201,\"height\":323,\"caption\":\"Hotel al Duca di Venezia\"},\"image\":{\"@id\":\"https:\/\/www.alducadivenezia.com\/de\/#\/schema\/logo\/image\/\"},\"sameAs\":[\"https:\/\/www.instagram.com\/hotelalducadivenezia\/\"]}]}<\/script>\n<!-- \/ Yoast SEO plugin. -->","yoast_head_json":{"title":"Wohnung &#8211; Hotel al Duca di Venezia","description":"Das\u00a0Al Duca di Venezia\u00a0erweitert sein gastfreundliches Angebot durch bezaubernde\u00a0Ferienwohnungen\u00a0im Herzen von\u00a0Venedig, nur wenige Schritte von der\u00a0Rialtobr\u00fcckeund vom historischen Fischmarkt entfernt.  Unweit vom Hotel (150 m) bieten die Apartments an einem kleinen Platz am Ca\u2018 Zusto, einem wundersch\u00f6nen Geb\u00e4ude aus dem 15. Jahrhundert, die M\u00f6glichkeit, das Venedig der Venezianer kennen zu lernen.","robots":{"index":"index","follow":"follow","max-snippet":"max-snippet:-1","max-image-preview":"max-image-preview:large","max-video-preview":"max-video-preview:-1"},"canonical":"https:\/\/www.alducadivenezia.com\/de\/wohnungen\/","og_locale":"de_DE","og_type":"article","og_title":"Wohnung &#8211; Hotel al Duca di Venezia","og_description":"Das\u00a0Al Duca di Venezia\u00a0erweitert sein gastfreundliches Angebot durch bezaubernde\u00a0Ferienwohnungen\u00a0im Herzen von\u00a0Venedig, nur wenige Schritte von der\u00a0Rialtobr\u00fcckeund vom historischen Fischmarkt entfernt.  Unweit vom Hotel (150 m) bieten die Apartments an einem kleinen Platz am Ca\u2018 Zusto, einem wundersch\u00f6nen Geb\u00e4ude aus dem 15. Jahrhundert, die M\u00f6glichkeit, das Venedig der Venezianer kennen zu lernen.","og_url":"https:\/\/www.alducadivenezia.com\/de\/wohnungen\/","og_site_name":"Hotel al Duca di Venezia","article_modified_time":"2025-09-04T12:35:27+00:00","og_image":[{"width":1500,"height":999,"url":"https:\/\/www.alducadivenezia.com\/wp-content\/uploads\/sites\/241\/2025\/07\/Al-Duca-211.jpg","type":"image\/jpeg"}],"twitter_card":"summary_large_image","twitter_misc":{"Gesch\u00e4tzte Lesezeit":"1 Minute"},"schema":{"@context":"https:\/\/schema.org","@graph":[{"@type":"WebPage","@id":"https:\/\/www.alducadivenezia.com\/de\/wohnungen\/","url":"https:\/\/www.alducadivenezia.com\/de\/wohnungen\/","name":"Wohnung &#8211; Hotel al Duca di Venezia","isPartOf":{"@id":"https:\/\/www.alducadivenezia.com\/de\/#website"},"primaryImageOfPage":{"@id":"https:\/\/www.alducadivenezia.com\/de\/wohnungen\/#primaryimage"},"image":{"@id":"https:\/\/www.alducadivenezia.com\/de\/wohnungen\/#primaryimage"},"thumbnailUrl":"https:\/\/www.alducadivenezia.com\/wp-content\/uploads\/sites\/241\/2025\/07\/Al-Duca-211.jpg","datePublished":"2025-04-23T08:15:57+00:00","dateModified":"2025-09-04T12:35:27+00:00","description":"Das\u00a0Al Duca di Venezia\u00a0erweitert sein gastfreundliches Angebot durch bezaubernde\u00a0Ferienwohnungen\u00a0im Herzen von\u00a0Venedig, nur wenige Schritte von der\u00a0Rialtobr\u00fcckeund vom historischen Fischmarkt entfernt. Unweit vom Hotel (150 m) bieten die Apartments an einem kleinen Platz am Ca\u2018 Zusto, einem wundersch\u00f6nen Geb\u00e4ude aus dem 15. Jahrhundert, die M\u00f6glichkeit, das Venedig der Venezianer kennen zu lernen.","breadcrumb":{"@id":"https:\/\/www.alducadivenezia.com\/de\/wohnungen\/#breadcrumb"},"inLanguage":"de-DE","potentialAction":[{"@type":"ReadAction","target":["https:\/\/www.alducadivenezia.com\/de\/wohnungen\/"]}]},{"@type":"ImageObject","inLanguage":"de-DE","@id":"https:\/\/www.alducadivenezia.com\/de\/wohnungen\/#primaryimage","url":"https:\/\/www.alducadivenezia.com\/wp-content\/uploads\/sites\/241\/2025\/07\/Al-Duca-211.jpg","contentUrl":"https:\/\/www.alducadivenezia.com\/wp-content\/uploads\/sites\/241\/2025\/07\/Al-Duca-211.jpg","width":1500,"height":999},{"@type":"BreadcrumbList","@id":"https:\/\/www.alducadivenezia.com\/de\/wohnungen\/#breadcrumb","itemListElement":[{"@type":"ListItem","position":1,"name":"Home","item":"https:\/\/www.alducadivenezia.com\/de\/"},{"@type":"ListItem","position":2,"name":"Wohnung"}]},{"@type":"WebSite","@id":"https:\/\/www.alducadivenezia.com\/de\/#website","url":"https:\/\/www.alducadivenezia.com\/de\/","name":"Hotel al Duca di Venezia","description":"Book a deluxe hotel In the historic center of Venice","publisher":{"@id":"https:\/\/www.alducadivenezia.com\/de\/#organization"},"alternateName":"Hotel al Duca di Venezia","potentialAction":[{"@type":"SearchAction","target":{"@type":"EntryPoint","urlTemplate":"https:\/\/www.alducadivenezia.com\/de\/?s={search_term_string}"},"query-input":"required name=search_term_string"}],"inLanguage":"de-DE"},{"@type":"Organization","@id":"https:\/\/www.alducadivenezia.com\/de\/#organization","name":"Hotel al Duca di Venezia","alternateName":"Hotel al Duca di Venezia","url":"https:\/\/www.alducadivenezia.com\/de\/","logo":{"@type":"ImageObject","inLanguage":"de-DE","@id":"https:\/\/www.alducadivenezia.com\/de\/#\/schema\/logo\/image\/","url":"https:\/\/duca-di-venezia.ms2.decms.eu\/wp-content\/uploads\/sites\/241\/2025\/04\/Screenshot-2023-08-24-114029.png","contentUrl":"https:\/\/duca-di-venezia.ms2.decms.eu\/wp-content\/uploads\/sites\/241\/2025\/04\/Screenshot-2023-08-24-114029.png","width":201,"height":323,"caption":"Hotel al Duca di Venezia"},"image":{"@id":"https:\/\/www.alducadivenezia.com\/de\/#\/schema\/logo\/image\/"},"sameAs":["https:\/\/www.instagram.com\/hotelalducadivenezia\/"]}]}},"acf":[],"_links":{"self":[{"href":"https:\/\/www.alducadivenezia.com\/de\/wp-json\/wp\/v2\/pages\/1438"}],"collection":[{"href":"https:\/\/www.alducadivenezia.com\/de\/wp-json\/wp\/v2\/pages"}],"about":[{"href":"https:\/\/www.alducadivenezia.com\/de\/wp-json\/wp\/v2\/types\/page"}],"author":[{"embeddable":true,"href":"https:\/\/www.alducadivenezia.com\/de\/wp-json\/wp\/v2\/users\/12"}],"replies":[{"embeddable":true,"href":"https:\/\/www.alducadivenezia.com\/de\/wp-json\/wp\/v2\/comments?post=1438"}],"version-history":[{"count":0,"href":"https:\/\/www.alducadivenezia.com\/de\/wp-json\/wp\/v2\/pages\/1438\/revisions"}],"wp:featuredmedia":[{"embeddable":true,"href":"https:\/\/www.alducadivenezia.com\/de\/wp-json\/wp\/v2\/media\/1201"}],"wp:attachment":[{"href":"https:\/\/www.alducadivenezia.com\/de\/wp-json\/wp\/v2\/media?parent=1438"}],"curies":[{"name":"wp","href":"https:\/\/api.w.org\/{rel}","templated":true}]}}