{"id":1433,"date":"2025-04-14T10:42:48","date_gmt":"2025-04-14T10:42:48","guid":{"rendered":"https:\/\/duca-di-venezia.ms2.decms.eu\/?page_id=1433"},"modified":"2025-09-04T12:27:08","modified_gmt":"2025-09-04T12:27:08","slug":"zimmer","status":"publish","type":"page","link":"https:\/\/www.alducadivenezia.com\/de\/zimmer\/","title":{"rendered":"Zimmer"},"content":{"rendered":"<p class=\"testointerno\">Die\u00a0<strong>Zimmer<\/strong>\u00a0des\u00a0<strong><em>3-Sterne <\/em>Hotel Al Duca di Venezia<\/strong>\u00a0sind in\u00a0<strong>venezianischem Stil<\/strong>\u00a0eingerichtet. Einige kennzeichnen sich durch die angenehmen venezianischen Rot-T\u00f6ne und\u00a0<strong>kostbaren<\/strong>\u00a0<strong>Samtstoffe<\/strong>, andere durch die entspannenden\u00a0<strong>Elfenbein-T\u00f6ne<\/strong>\u00a0und Lampen aus\u00a0<strong>Murano-Glas<\/strong>\u00a0und andere wiederum durch das\u00a0<strong>Licht<\/strong>, das die Mansardenzimmer mit\u00a0<strong>sichtbaren Deckenbalken<\/strong>\u00a0belebt.<\/p>\n<p class=\"testointerno\">Von den ger\u00e4umigen und stilvollen Zimmern schm\u00fccken sich einige mit den originalen\u00a0<strong>\u201cvenezianischen\u201d Fu\u00dfb\u00f6den,\u00a0<\/strong>andere hingegen sind mit den antiken Holzfu\u00dfb\u00f6den bereichert. Ausgestattet mit wundervollen Damaststoffen bieten sie eine zauberhafte Atmosph\u00e4re, die den antiken\u00a0<strong>Charme<\/strong>\u00a0vergangener Zeiten wieder aufleben l\u00e4sst.<\/p>\n<p class=\"testointerno\">Das\u00a0<strong>Hotel<\/strong>\u00a0<strong>Al Duca di Venezia<\/strong>\u00a0befindet sich im Herzen von Venedig, in einer\u00a0<strong>friedlichen<\/strong>\u00a0und ruhigen Gegend, nur wenige Schritte von der Rialto-Br\u00fccke<strong>,<\/strong>\u00a0dem\u00a0<strong>Bahnhof<\/strong>\u00a0und dem\u00a0<strong>Busterminal<\/strong>\u00a0der Piazzale Roma entfernt.<\/p>\n","protected":false},"excerpt":{"rendered":"<p>Die\u00a0Zimmer\u00a0des\u00a03-Sterne Hotel Al Duca di Venezia\u00a0sind in\u00a0venezianischem Stil\u00a0eingerichtet. Einige kennzeichnen sich durch die angenehmen venezianischen Rot-T\u00f6ne und\u00a0kostbaren\u00a0Samtstoffe, andere durch die entspannenden\u00a0Elfenbein-T\u00f6ne\u00a0und Lampen aus\u00a0Murano-Glas\u00a0und andere wiederum durch das\u00a0Licht, das die Mansardenzimmer mit\u00a0sichtbaren Deckenbalken\u00a0belebt. Von den ger\u00e4umigen und stilvollen Zimmern schm\u00fccken sich einige mit den originalen\u00a0\u201cvenezianischen\u201d Fu\u00dfb\u00f6den,\u00a0andere hingegen sind mit den antiken Holzfu\u00dfb\u00f6den bereichert. Ausgestattet mit wundervollen [&hellip;]<\/p>\n","protected":false},"author":12,"featured_media":460,"parent":0,"menu_order":5,"comment_status":"closed","ping_status":"closed","template":"template-rooms.php","meta":{"footnotes":""},"class_list":["post-1433","page","type-page","status-publish","has-post-thumbnail","hentry"],"yoast_head":"<!-- This site is optimized with the Yoast SEO plugin v27.3 - https:\/\/yoast.com\/product\/yoast-seo-wordpress\/ -->\n<title>Zimmer &#8211; Hotel al Duca di Venezia<\/title>\n<meta name=\"description\" content=\"Die\u00a0Zimmer\u00a0des\u00a03-Sterne Hotel Al Duca di Venezia\u00a0sind in\u00a0venezianischem Stil\u00a0eingerichtet. Einige kennzeichnen sich durch die angenehmen venezianischen Rot-T\u00f6ne und\u00a0kostbaren\u00a0Samtstoffe, andere durch die entspannenden\u00a0Elfenbein-T\u00f6ne\u00a0und Lampen aus\u00a0Murano-Glas\u00a0und andere wiederum durch das\u00a0Licht, das die Mansardenzimmer mit\u00a0sichtbaren Deckenbalken\u00a0belebt. Von den ger\u00e4umigen und stilvollen Zimmern schm\u00fccken sich einige mit den originalen\u00a0\u201cvenezianischen\u201d Fu\u00dfb\u00f6den,\u00a0andere hingegen sind mit den antiken Holzfu\u00dfb\u00f6den bereichert\" \/>\n<meta name=\"robots\" content=\"index, follow, max-snippet:-1, max-image-preview:large, max-video-preview:-1\" \/>\n<link rel=\"canonical\" href=\"https:\/\/www.alducadivenezia.com\/de\/zimmer\/\" \/>\n<meta property=\"og:locale\" content=\"de_DE\" \/>\n<meta property=\"og:type\" content=\"article\" \/>\n<meta property=\"og:title\" content=\"Zimmer &#8211; Hotel al Duca di Venezia\" \/>\n<meta property=\"og:description\" content=\"Die\u00a0Zimmer\u00a0des\u00a03-Sterne Hotel Al Duca di Venezia\u00a0sind in\u00a0venezianischem Stil\u00a0eingerichtet. Einige kennzeichnen sich durch die angenehmen venezianischen Rot-T\u00f6ne und\u00a0kostbaren\u00a0Samtstoffe, andere durch die entspannenden\u00a0Elfenbein-T\u00f6ne\u00a0und Lampen aus\u00a0Murano-Glas\u00a0und andere wiederum durch das\u00a0Licht, das die Mansardenzimmer mit\u00a0sichtbaren Deckenbalken\u00a0belebt. Von den ger\u00e4umigen und stilvollen Zimmern schm\u00fccken sich einige mit den originalen\u00a0\u201cvenezianischen\u201d Fu\u00dfb\u00f6den,\u00a0andere hingegen sind mit den antiken Holzfu\u00dfb\u00f6den bereichert\" \/>\n<meta property=\"og:url\" content=\"https:\/\/www.alducadivenezia.com\/de\/zimmer\/\" \/>\n<meta property=\"og:site_name\" content=\"Hotel al Duca di Venezia\" \/>\n<meta property=\"article:modified_time\" content=\"2025-09-04T12:27:08+00:00\" \/>\n<meta property=\"og:image\" content=\"https:\/\/www.alducadivenezia.com\/wp-content\/uploads\/sites\/241\/2025\/05\/Al-Duca-78-Modifica.jpg\" \/>\n\t<meta property=\"og:image:width\" content=\"1802\" \/>\n\t<meta property=\"og:image:height\" content=\"1200\" \/>\n\t<meta property=\"og:image:type\" content=\"image\/jpeg\" \/>\n<meta name=\"twitter:card\" content=\"summary_large_image\" \/>\n<meta name=\"twitter:label1\" content=\"Gesch\u00e4tzte Lesezeit\" \/>\n\t<meta name=\"twitter:data1\" content=\"1 Minute\" \/>\n<script type=\"application\/ld+json\" class=\"yoast-schema-graph\">{\"@context\":\"https:\\\/\\\/schema.org\",\"@graph\":[{\"@type\":\"WebPage\",\"@id\":\"https:\\\/\\\/www.alducadivenezia.com\\\/de\\\/zimmer\\\/\",\"url\":\"https:\\\/\\\/www.alducadivenezia.com\\\/de\\\/zimmer\\\/\",\"name\":\"Zimmer &#8211; Hotel al Duca di Venezia\",\"isPartOf\":{\"@id\":\"https:\\\/\\\/www.alducadivenezia.com\\\/de\\\/#website\"},\"primaryImageOfPage\":{\"@id\":\"https:\\\/\\\/www.alducadivenezia.com\\\/de\\\/zimmer\\\/#primaryimage\"},\"image\":{\"@id\":\"https:\\\/\\\/www.alducadivenezia.com\\\/de\\\/zimmer\\\/#primaryimage\"},\"thumbnailUrl\":\"https:\\\/\\\/www.alducadivenezia.com\\\/wp-content\\\/uploads\\\/sites\\\/241\\\/2025\\\/05\\\/Al-Duca-78-Modifica.jpg\",\"datePublished\":\"2025-04-14T10:42:48+00:00\",\"dateModified\":\"2025-09-04T12:27:08+00:00\",\"description\":\"Die\u00a0Zimmer\u00a0des\u00a03-Sterne Hotel Al Duca di Venezia\u00a0sind in\u00a0venezianischem Stil\u00a0eingerichtet. Einige kennzeichnen sich durch die angenehmen venezianischen Rot-T\u00f6ne und\u00a0kostbaren\u00a0Samtstoffe, andere durch die entspannenden\u00a0Elfenbein-T\u00f6ne\u00a0und Lampen aus\u00a0Murano-Glas\u00a0und andere wiederum durch das\u00a0Licht, das die Mansardenzimmer mit\u00a0sichtbaren Deckenbalken\u00a0belebt. Von den ger\u00e4umigen und stilvollen Zimmern schm\u00fccken sich einige mit den originalen\u00a0\u201cvenezianischen\u201d Fu\u00dfb\u00f6den,\u00a0andere hingegen sind mit den antiken Holzfu\u00dfb\u00f6den bereichert\",\"breadcrumb\":{\"@id\":\"https:\\\/\\\/www.alducadivenezia.com\\\/de\\\/zimmer\\\/#breadcrumb\"},\"inLanguage\":\"de-DE\",\"potentialAction\":[{\"@type\":\"ReadAction\",\"target\":[\"https:\\\/\\\/www.alducadivenezia.com\\\/de\\\/zimmer\\\/\"]}]},{\"@type\":\"ImageObject\",\"inLanguage\":\"de-DE\",\"@id\":\"https:\\\/\\\/www.alducadivenezia.com\\\/de\\\/zimmer\\\/#primaryimage\",\"url\":\"https:\\\/\\\/www.alducadivenezia.com\\\/wp-content\\\/uploads\\\/sites\\\/241\\\/2025\\\/05\\\/Al-Duca-78-Modifica.jpg\",\"contentUrl\":\"https:\\\/\\\/www.alducadivenezia.com\\\/wp-content\\\/uploads\\\/sites\\\/241\\\/2025\\\/05\\\/Al-Duca-78-Modifica.jpg\",\"width\":1802,\"height\":1200},{\"@type\":\"BreadcrumbList\",\"@id\":\"https:\\\/\\\/www.alducadivenezia.com\\\/de\\\/zimmer\\\/#breadcrumb\",\"itemListElement\":[{\"@type\":\"ListItem\",\"position\":1,\"name\":\"Home\",\"item\":\"https:\\\/\\\/www.alducadivenezia.com\\\/de\\\/\"},{\"@type\":\"ListItem\",\"position\":2,\"name\":\"Zimmer\"}]},{\"@type\":\"WebSite\",\"@id\":\"https:\\\/\\\/www.alducadivenezia.com\\\/de\\\/#website\",\"url\":\"https:\\\/\\\/www.alducadivenezia.com\\\/de\\\/\",\"name\":\"Hotel al Duca di Venezia\",\"description\":\"Book a deluxe hotel In the historic center of Venice\",\"publisher\":{\"@id\":\"https:\\\/\\\/www.alducadivenezia.com\\\/de\\\/#organization\"},\"alternateName\":\"Hotel al Duca di Venezia\",\"potentialAction\":[{\"@type\":\"SearchAction\",\"target\":{\"@type\":\"EntryPoint\",\"urlTemplate\":\"https:\\\/\\\/www.alducadivenezia.com\\\/de\\\/?s={search_term_string}\"},\"query-input\":{\"@type\":\"PropertyValueSpecification\",\"valueRequired\":true,\"valueName\":\"search_term_string\"}}],\"inLanguage\":\"de-DE\"},{\"@type\":\"Organization\",\"@id\":\"https:\\\/\\\/www.alducadivenezia.com\\\/de\\\/#organization\",\"name\":\"Hotel al Duca di Venezia\",\"alternateName\":\"Hotel al Duca di Venezia\",\"url\":\"https:\\\/\\\/www.alducadivenezia.com\\\/de\\\/\",\"logo\":{\"@type\":\"ImageObject\",\"inLanguage\":\"de-DE\",\"@id\":\"https:\\\/\\\/www.alducadivenezia.com\\\/de\\\/#\\\/schema\\\/logo\\\/image\\\/\",\"url\":\"https:\\\/\\\/duca-di-venezia.ms2.decms.eu\\\/wp-content\\\/uploads\\\/sites\\\/241\\\/2025\\\/04\\\/Screenshot-2023-08-24-114029.png\",\"contentUrl\":\"https:\\\/\\\/duca-di-venezia.ms2.decms.eu\\\/wp-content\\\/uploads\\\/sites\\\/241\\\/2025\\\/04\\\/Screenshot-2023-08-24-114029.png\",\"width\":201,\"height\":323,\"caption\":\"Hotel al Duca di Venezia\"},\"image\":{\"@id\":\"https:\\\/\\\/www.alducadivenezia.com\\\/de\\\/#\\\/schema\\\/logo\\\/image\\\/\"},\"sameAs\":[\"https:\\\/\\\/www.instagram.com\\\/hotelalducadivenezia\\\/\"]}]}<\/script>\n<!-- \/ Yoast SEO plugin. -->","yoast_head_json":{"title":"Zimmer &#8211; Hotel al Duca di Venezia","description":"Die\u00a0Zimmer\u00a0des\u00a03-Sterne Hotel Al Duca di Venezia\u00a0sind in\u00a0venezianischem Stil\u00a0eingerichtet. Einige kennzeichnen sich durch die angenehmen venezianischen Rot-T\u00f6ne und\u00a0kostbaren\u00a0Samtstoffe, andere durch die entspannenden\u00a0Elfenbein-T\u00f6ne\u00a0und Lampen aus\u00a0Murano-Glas\u00a0und andere wiederum durch das\u00a0Licht, das die Mansardenzimmer mit\u00a0sichtbaren Deckenbalken\u00a0belebt. Von den ger\u00e4umigen und stilvollen Zimmern schm\u00fccken sich einige mit den originalen\u00a0\u201cvenezianischen\u201d Fu\u00dfb\u00f6den,\u00a0andere hingegen sind mit den antiken Holzfu\u00dfb\u00f6den bereichert","robots":{"index":"index","follow":"follow","max-snippet":"max-snippet:-1","max-image-preview":"max-image-preview:large","max-video-preview":"max-video-preview:-1"},"canonical":"https:\/\/www.alducadivenezia.com\/de\/zimmer\/","og_locale":"de_DE","og_type":"article","og_title":"Zimmer &#8211; Hotel al Duca di Venezia","og_description":"Die\u00a0Zimmer\u00a0des\u00a03-Sterne Hotel Al Duca di Venezia\u00a0sind in\u00a0venezianischem Stil\u00a0eingerichtet. Einige kennzeichnen sich durch die angenehmen venezianischen Rot-T\u00f6ne und\u00a0kostbaren\u00a0Samtstoffe, andere durch die entspannenden\u00a0Elfenbein-T\u00f6ne\u00a0und Lampen aus\u00a0Murano-Glas\u00a0und andere wiederum durch das\u00a0Licht, das die Mansardenzimmer mit\u00a0sichtbaren Deckenbalken\u00a0belebt. Von den ger\u00e4umigen und stilvollen Zimmern schm\u00fccken sich einige mit den originalen\u00a0\u201cvenezianischen\u201d Fu\u00dfb\u00f6den,\u00a0andere hingegen sind mit den antiken Holzfu\u00dfb\u00f6den bereichert","og_url":"https:\/\/www.alducadivenezia.com\/de\/zimmer\/","og_site_name":"Hotel al Duca di Venezia","article_modified_time":"2025-09-04T12:27:08+00:00","og_image":[{"width":1802,"height":1200,"url":"https:\/\/www.alducadivenezia.com\/wp-content\/uploads\/sites\/241\/2025\/05\/Al-Duca-78-Modifica.jpg","type":"image\/jpeg"}],"twitter_card":"summary_large_image","twitter_misc":{"Gesch\u00e4tzte Lesezeit":"1 Minute"},"schema":{"@context":"https:\/\/schema.org","@graph":[{"@type":"WebPage","@id":"https:\/\/www.alducadivenezia.com\/de\/zimmer\/","url":"https:\/\/www.alducadivenezia.com\/de\/zimmer\/","name":"Zimmer &#8211; Hotel al Duca di Venezia","isPartOf":{"@id":"https:\/\/www.alducadivenezia.com\/de\/#website"},"primaryImageOfPage":{"@id":"https:\/\/www.alducadivenezia.com\/de\/zimmer\/#primaryimage"},"image":{"@id":"https:\/\/www.alducadivenezia.com\/de\/zimmer\/#primaryimage"},"thumbnailUrl":"https:\/\/www.alducadivenezia.com\/wp-content\/uploads\/sites\/241\/2025\/05\/Al-Duca-78-Modifica.jpg","datePublished":"2025-04-14T10:42:48+00:00","dateModified":"2025-09-04T12:27:08+00:00","description":"Die\u00a0Zimmer\u00a0des\u00a03-Sterne Hotel Al Duca di Venezia\u00a0sind in\u00a0venezianischem Stil\u00a0eingerichtet. Einige kennzeichnen sich durch die angenehmen venezianischen Rot-T\u00f6ne und\u00a0kostbaren\u00a0Samtstoffe, andere durch die entspannenden\u00a0Elfenbein-T\u00f6ne\u00a0und Lampen aus\u00a0Murano-Glas\u00a0und andere wiederum durch das\u00a0Licht, das die Mansardenzimmer mit\u00a0sichtbaren Deckenbalken\u00a0belebt. Von den ger\u00e4umigen und stilvollen Zimmern schm\u00fccken sich einige mit den originalen\u00a0\u201cvenezianischen\u201d Fu\u00dfb\u00f6den,\u00a0andere hingegen sind mit den antiken Holzfu\u00dfb\u00f6den bereichert","breadcrumb":{"@id":"https:\/\/www.alducadivenezia.com\/de\/zimmer\/#breadcrumb"},"inLanguage":"de-DE","potentialAction":[{"@type":"ReadAction","target":["https:\/\/www.alducadivenezia.com\/de\/zimmer\/"]}]},{"@type":"ImageObject","inLanguage":"de-DE","@id":"https:\/\/www.alducadivenezia.com\/de\/zimmer\/#primaryimage","url":"https:\/\/www.alducadivenezia.com\/wp-content\/uploads\/sites\/241\/2025\/05\/Al-Duca-78-Modifica.jpg","contentUrl":"https:\/\/www.alducadivenezia.com\/wp-content\/uploads\/sites\/241\/2025\/05\/Al-Duca-78-Modifica.jpg","width":1802,"height":1200},{"@type":"BreadcrumbList","@id":"https:\/\/www.alducadivenezia.com\/de\/zimmer\/#breadcrumb","itemListElement":[{"@type":"ListItem","position":1,"name":"Home","item":"https:\/\/www.alducadivenezia.com\/de\/"},{"@type":"ListItem","position":2,"name":"Zimmer"}]},{"@type":"WebSite","@id":"https:\/\/www.alducadivenezia.com\/de\/#website","url":"https:\/\/www.alducadivenezia.com\/de\/","name":"Hotel al Duca di Venezia","description":"Book a deluxe hotel In the historic center of Venice","publisher":{"@id":"https:\/\/www.alducadivenezia.com\/de\/#organization"},"alternateName":"Hotel al Duca di Venezia","potentialAction":[{"@type":"SearchAction","target":{"@type":"EntryPoint","urlTemplate":"https:\/\/www.alducadivenezia.com\/de\/?s={search_term_string}"},"query-input":{"@type":"PropertyValueSpecification","valueRequired":true,"valueName":"search_term_string"}}],"inLanguage":"de-DE"},{"@type":"Organization","@id":"https:\/\/www.alducadivenezia.com\/de\/#organization","name":"Hotel al Duca di Venezia","alternateName":"Hotel al Duca di Venezia","url":"https:\/\/www.alducadivenezia.com\/de\/","logo":{"@type":"ImageObject","inLanguage":"de-DE","@id":"https:\/\/www.alducadivenezia.com\/de\/#\/schema\/logo\/image\/","url":"https:\/\/duca-di-venezia.ms2.decms.eu\/wp-content\/uploads\/sites\/241\/2025\/04\/Screenshot-2023-08-24-114029.png","contentUrl":"https:\/\/duca-di-venezia.ms2.decms.eu\/wp-content\/uploads\/sites\/241\/2025\/04\/Screenshot-2023-08-24-114029.png","width":201,"height":323,"caption":"Hotel al Duca di Venezia"},"image":{"@id":"https:\/\/www.alducadivenezia.com\/de\/#\/schema\/logo\/image\/"},"sameAs":["https:\/\/www.instagram.com\/hotelalducadivenezia\/"]}]}},"acf":[],"_links":{"self":[{"href":"https:\/\/www.alducadivenezia.com\/de\/wp-json\/wp\/v2\/pages\/1433","targetHints":{"allow":["GET"]}}],"collection":[{"href":"https:\/\/www.alducadivenezia.com\/de\/wp-json\/wp\/v2\/pages"}],"about":[{"href":"https:\/\/www.alducadivenezia.com\/de\/wp-json\/wp\/v2\/types\/page"}],"author":[{"embeddable":true,"href":"https:\/\/www.alducadivenezia.com\/de\/wp-json\/wp\/v2\/users\/12"}],"replies":[{"embeddable":true,"href":"https:\/\/www.alducadivenezia.com\/de\/wp-json\/wp\/v2\/comments?post=1433"}],"version-history":[{"count":0,"href":"https:\/\/www.alducadivenezia.com\/de\/wp-json\/wp\/v2\/pages\/1433\/revisions"}],"wp:featuredmedia":[{"embeddable":true,"href":"https:\/\/www.alducadivenezia.com\/de\/wp-json\/wp\/v2\/media\/460"}],"wp:attachment":[{"href":"https:\/\/www.alducadivenezia.com\/de\/wp-json\/wp\/v2\/media?parent=1433"}],"curies":[{"name":"wp","href":"https:\/\/api.w.org\/{rel}","templated":true}]}}