{"id":1406,"date":"2025-05-13T10:14:32","date_gmt":"2025-05-13T10:14:32","guid":{"rendered":"https:\/\/duca-di-venezia.ms2.decms.eu\/?page_id=1406"},"modified":"2025-09-04T08:14:51","modified_gmt":"2025-09-04T08:14:51","slug":"family","status":"publish","type":"page","link":"https:\/\/www.alducadivenezia.com\/de\/zimmer\/family\/","title":{"rendered":"Superior Family Zimmer"},"content":{"rendered":"<p>Dreibett- und Vierbettzimmer mit Kingsize-Betten und \/ oder zwei Einzelbetten von 27 bis 33 m\u00b2, ger\u00e4umig und wundersch\u00f6n eingerichtet mit antiken venezianischen M\u00f6beln, verziert mit Kronleuchtern aus Muranoglas. Auch perfekt f\u00fcr einen Urlaub mit der Familie oder einer Gruppe von Freunden.<\/p>\n","protected":false},"excerpt":{"rendered":"<p>Dreibett- und Vierbettzimmer mit Kingsize-Betten und \/ oder zwei Einzelbetten von 27 bis 33 m\u00b2, ger\u00e4umig und wundersch\u00f6n eingerichtet mit antiken venezianischen M\u00f6beln, verziert mit Kronleuchtern aus Muranoglas. Auch perfekt f\u00fcr einen Urlaub mit der Familie oder einer Gruppe von Freunden.<\/p>\n","protected":false},"author":12,"featured_media":417,"parent":1433,"menu_order":11,"comment_status":"closed","ping_status":"closed","template":"template-single-room.php","meta":{"footnotes":""},"yoast_head":"<!-- This site is optimized with the Yoast SEO plugin v22.3 - https:\/\/yoast.com\/wordpress\/plugins\/seo\/ -->\n<title>Superior Family Zimmer &#8211; Hotel al Duca di Venezia<\/title>\n<meta name=\"description\" content=\"Dreibett- und Vierbettzimmer mit Kingsize-Betten und \/ oder zwei Einzelbetten von 27 bis 33 m\u00b2, ger\u00e4umig und wundersch\u00f6n eingerichtet mit antiken venezianischen M\u00f6beln, verziert mit Kronleuchtern aus Muranoglas. Auch perfekt f\u00fcr einen Urlaub mit der Familie oder einer Gruppe von Freunden.\" \/>\n<meta name=\"robots\" content=\"index, follow, max-snippet:-1, max-image-preview:large, max-video-preview:-1\" \/>\n<link rel=\"canonical\" href=\"https:\/\/www.alducadivenezia.com\/de\/zimmer\/family\/\" \/>\n<meta property=\"og:locale\" content=\"de_DE\" \/>\n<meta property=\"og:type\" content=\"article\" \/>\n<meta property=\"og:title\" content=\"Superior Family Zimmer &#8211; Hotel al Duca di Venezia\" \/>\n<meta property=\"og:description\" content=\"Dreibett- und Vierbettzimmer mit Kingsize-Betten und \/ oder zwei Einzelbetten von 27 bis 33 m\u00b2, ger\u00e4umig und wundersch\u00f6n eingerichtet mit antiken venezianischen M\u00f6beln, verziert mit Kronleuchtern aus Muranoglas. Auch perfekt f\u00fcr einen Urlaub mit der Familie oder einer Gruppe von Freunden.\" \/>\n<meta property=\"og:url\" content=\"https:\/\/www.alducadivenezia.com\/de\/zimmer\/family\/\" \/>\n<meta property=\"og:site_name\" content=\"Hotel al Duca di Venezia\" \/>\n<meta property=\"article:modified_time\" content=\"2025-09-04T08:14:51+00:00\" \/>\n<meta property=\"og:image\" content=\"https:\/\/www.alducadivenezia.com\/wp-content\/uploads\/sites\/241\/2025\/05\/Al-Duca-2261-1000x666-1.jpg\" \/>\n\t<meta property=\"og:image:width\" content=\"1000\" \/>\n\t<meta property=\"og:image:height\" content=\"666\" \/>\n\t<meta property=\"og:image:type\" content=\"image\/jpeg\" \/>\n<meta name=\"twitter:card\" content=\"summary_large_image\" \/>\n<meta name=\"twitter:label1\" content=\"Gesch\u00e4tzte Lesezeit\" \/>\n\t<meta name=\"twitter:data1\" content=\"1 Minute\" \/>\n<script type=\"application\/ld+json\" class=\"yoast-schema-graph\">{\"@context\":\"https:\/\/schema.org\",\"@graph\":[{\"@type\":\"WebPage\",\"@id\":\"https:\/\/www.alducadivenezia.com\/de\/zimmer\/family\/\",\"url\":\"https:\/\/www.alducadivenezia.com\/de\/zimmer\/family\/\",\"name\":\"Superior Family Zimmer &#8211; Hotel al Duca di Venezia\",\"isPartOf\":{\"@id\":\"https:\/\/www.alducadivenezia.com\/de\/#website\"},\"primaryImageOfPage\":{\"@id\":\"https:\/\/www.alducadivenezia.com\/de\/zimmer\/family\/#primaryimage\"},\"image\":{\"@id\":\"https:\/\/www.alducadivenezia.com\/de\/zimmer\/family\/#primaryimage\"},\"thumbnailUrl\":\"https:\/\/www.alducadivenezia.com\/wp-content\/uploads\/sites\/241\/2025\/05\/Al-Duca-2261-1000x666-1.jpg\",\"datePublished\":\"2025-05-13T10:14:32+00:00\",\"dateModified\":\"2025-09-04T08:14:51+00:00\",\"description\":\"Dreibett- und Vierbettzimmer mit Kingsize-Betten und \/ oder zwei Einzelbetten von 27 bis 33 m\u00b2, ger\u00e4umig und wundersch\u00f6n eingerichtet mit antiken venezianischen M\u00f6beln, verziert mit Kronleuchtern aus Muranoglas. Auch perfekt f\u00fcr einen Urlaub mit der Familie oder einer Gruppe von Freunden.\",\"breadcrumb\":{\"@id\":\"https:\/\/www.alducadivenezia.com\/de\/zimmer\/family\/#breadcrumb\"},\"inLanguage\":\"de-DE\",\"potentialAction\":[{\"@type\":\"ReadAction\",\"target\":[\"https:\/\/www.alducadivenezia.com\/de\/zimmer\/family\/\"]}]},{\"@type\":\"ImageObject\",\"inLanguage\":\"de-DE\",\"@id\":\"https:\/\/www.alducadivenezia.com\/de\/zimmer\/family\/#primaryimage\",\"url\":\"https:\/\/www.alducadivenezia.com\/wp-content\/uploads\/sites\/241\/2025\/05\/Al-Duca-2261-1000x666-1.jpg\",\"contentUrl\":\"https:\/\/www.alducadivenezia.com\/wp-content\/uploads\/sites\/241\/2025\/05\/Al-Duca-2261-1000x666-1.jpg\",\"width\":1000,\"height\":666},{\"@type\":\"BreadcrumbList\",\"@id\":\"https:\/\/www.alducadivenezia.com\/de\/zimmer\/family\/#breadcrumb\",\"itemListElement\":[{\"@type\":\"ListItem\",\"position\":1,\"name\":\"Home\",\"item\":\"https:\/\/www.alducadivenezia.com\/de\/\"},{\"@type\":\"ListItem\",\"position\":2,\"name\":\"Zimmer\",\"item\":\"https:\/\/www.alducadivenezia.com\/de\/zimmer\/\"},{\"@type\":\"ListItem\",\"position\":3,\"name\":\"Superior Family Zimmer\"}]},{\"@type\":\"WebSite\",\"@id\":\"https:\/\/www.alducadivenezia.com\/de\/#website\",\"url\":\"https:\/\/www.alducadivenezia.com\/de\/\",\"name\":\"Hotel al Duca di Venezia\",\"description\":\"Book a deluxe hotel In the historic center of Venice\",\"publisher\":{\"@id\":\"https:\/\/www.alducadivenezia.com\/de\/#organization\"},\"alternateName\":\"Hotel al Duca di Venezia\",\"potentialAction\":[{\"@type\":\"SearchAction\",\"target\":{\"@type\":\"EntryPoint\",\"urlTemplate\":\"https:\/\/www.alducadivenezia.com\/de\/?s={search_term_string}\"},\"query-input\":\"required name=search_term_string\"}],\"inLanguage\":\"de-DE\"},{\"@type\":\"Organization\",\"@id\":\"https:\/\/www.alducadivenezia.com\/de\/#organization\",\"name\":\"Hotel al Duca di Venezia\",\"alternateName\":\"Hotel al Duca di Venezia\",\"url\":\"https:\/\/www.alducadivenezia.com\/de\/\",\"logo\":{\"@type\":\"ImageObject\",\"inLanguage\":\"de-DE\",\"@id\":\"https:\/\/www.alducadivenezia.com\/de\/#\/schema\/logo\/image\/\",\"url\":\"https:\/\/duca-di-venezia.ms2.decms.eu\/wp-content\/uploads\/sites\/241\/2025\/04\/Screenshot-2023-08-24-114029.png\",\"contentUrl\":\"https:\/\/duca-di-venezia.ms2.decms.eu\/wp-content\/uploads\/sites\/241\/2025\/04\/Screenshot-2023-08-24-114029.png\",\"width\":201,\"height\":323,\"caption\":\"Hotel al Duca di Venezia\"},\"image\":{\"@id\":\"https:\/\/www.alducadivenezia.com\/de\/#\/schema\/logo\/image\/\"},\"sameAs\":[\"https:\/\/www.instagram.com\/hotelalducadivenezia\/\"]}]}<\/script>\n<!-- \/ Yoast SEO plugin. -->","yoast_head_json":{"title":"Superior Family Zimmer &#8211; Hotel al Duca di Venezia","description":"Dreibett- und Vierbettzimmer mit Kingsize-Betten und \/ oder zwei Einzelbetten von 27 bis 33 m\u00b2, ger\u00e4umig und wundersch\u00f6n eingerichtet mit antiken venezianischen M\u00f6beln, verziert mit Kronleuchtern aus Muranoglas. Auch perfekt f\u00fcr einen Urlaub mit der Familie oder einer Gruppe von Freunden.","robots":{"index":"index","follow":"follow","max-snippet":"max-snippet:-1","max-image-preview":"max-image-preview:large","max-video-preview":"max-video-preview:-1"},"canonical":"https:\/\/www.alducadivenezia.com\/de\/zimmer\/family\/","og_locale":"de_DE","og_type":"article","og_title":"Superior Family Zimmer &#8211; Hotel al Duca di Venezia","og_description":"Dreibett- und Vierbettzimmer mit Kingsize-Betten und \/ oder zwei Einzelbetten von 27 bis 33 m\u00b2, ger\u00e4umig und wundersch\u00f6n eingerichtet mit antiken venezianischen M\u00f6beln, verziert mit Kronleuchtern aus Muranoglas. Auch perfekt f\u00fcr einen Urlaub mit der Familie oder einer Gruppe von Freunden.","og_url":"https:\/\/www.alducadivenezia.com\/de\/zimmer\/family\/","og_site_name":"Hotel al Duca di Venezia","article_modified_time":"2025-09-04T08:14:51+00:00","og_image":[{"width":1000,"height":666,"url":"https:\/\/www.alducadivenezia.com\/wp-content\/uploads\/sites\/241\/2025\/05\/Al-Duca-2261-1000x666-1.jpg","type":"image\/jpeg"}],"twitter_card":"summary_large_image","twitter_misc":{"Gesch\u00e4tzte Lesezeit":"1 Minute"},"schema":{"@context":"https:\/\/schema.org","@graph":[{"@type":"WebPage","@id":"https:\/\/www.alducadivenezia.com\/de\/zimmer\/family\/","url":"https:\/\/www.alducadivenezia.com\/de\/zimmer\/family\/","name":"Superior Family Zimmer &#8211; Hotel al Duca di Venezia","isPartOf":{"@id":"https:\/\/www.alducadivenezia.com\/de\/#website"},"primaryImageOfPage":{"@id":"https:\/\/www.alducadivenezia.com\/de\/zimmer\/family\/#primaryimage"},"image":{"@id":"https:\/\/www.alducadivenezia.com\/de\/zimmer\/family\/#primaryimage"},"thumbnailUrl":"https:\/\/www.alducadivenezia.com\/wp-content\/uploads\/sites\/241\/2025\/05\/Al-Duca-2261-1000x666-1.jpg","datePublished":"2025-05-13T10:14:32+00:00","dateModified":"2025-09-04T08:14:51+00:00","description":"Dreibett- und Vierbettzimmer mit Kingsize-Betten und \/ oder zwei Einzelbetten von 27 bis 33 m\u00b2, ger\u00e4umig und wundersch\u00f6n eingerichtet mit antiken venezianischen M\u00f6beln, verziert mit Kronleuchtern aus Muranoglas. Auch perfekt f\u00fcr einen Urlaub mit der Familie oder einer Gruppe von Freunden.","breadcrumb":{"@id":"https:\/\/www.alducadivenezia.com\/de\/zimmer\/family\/#breadcrumb"},"inLanguage":"de-DE","potentialAction":[{"@type":"ReadAction","target":["https:\/\/www.alducadivenezia.com\/de\/zimmer\/family\/"]}]},{"@type":"ImageObject","inLanguage":"de-DE","@id":"https:\/\/www.alducadivenezia.com\/de\/zimmer\/family\/#primaryimage","url":"https:\/\/www.alducadivenezia.com\/wp-content\/uploads\/sites\/241\/2025\/05\/Al-Duca-2261-1000x666-1.jpg","contentUrl":"https:\/\/www.alducadivenezia.com\/wp-content\/uploads\/sites\/241\/2025\/05\/Al-Duca-2261-1000x666-1.jpg","width":1000,"height":666},{"@type":"BreadcrumbList","@id":"https:\/\/www.alducadivenezia.com\/de\/zimmer\/family\/#breadcrumb","itemListElement":[{"@type":"ListItem","position":1,"name":"Home","item":"https:\/\/www.alducadivenezia.com\/de\/"},{"@type":"ListItem","position":2,"name":"Zimmer","item":"https:\/\/www.alducadivenezia.com\/de\/zimmer\/"},{"@type":"ListItem","position":3,"name":"Superior Family Zimmer"}]},{"@type":"WebSite","@id":"https:\/\/www.alducadivenezia.com\/de\/#website","url":"https:\/\/www.alducadivenezia.com\/de\/","name":"Hotel al Duca di Venezia","description":"Book a deluxe hotel In the historic center of Venice","publisher":{"@id":"https:\/\/www.alducadivenezia.com\/de\/#organization"},"alternateName":"Hotel al Duca di Venezia","potentialAction":[{"@type":"SearchAction","target":{"@type":"EntryPoint","urlTemplate":"https:\/\/www.alducadivenezia.com\/de\/?s={search_term_string}"},"query-input":"required name=search_term_string"}],"inLanguage":"de-DE"},{"@type":"Organization","@id":"https:\/\/www.alducadivenezia.com\/de\/#organization","name":"Hotel al Duca di Venezia","alternateName":"Hotel al Duca di Venezia","url":"https:\/\/www.alducadivenezia.com\/de\/","logo":{"@type":"ImageObject","inLanguage":"de-DE","@id":"https:\/\/www.alducadivenezia.com\/de\/#\/schema\/logo\/image\/","url":"https:\/\/duca-di-venezia.ms2.decms.eu\/wp-content\/uploads\/sites\/241\/2025\/04\/Screenshot-2023-08-24-114029.png","contentUrl":"https:\/\/duca-di-venezia.ms2.decms.eu\/wp-content\/uploads\/sites\/241\/2025\/04\/Screenshot-2023-08-24-114029.png","width":201,"height":323,"caption":"Hotel al Duca di Venezia"},"image":{"@id":"https:\/\/www.alducadivenezia.com\/de\/#\/schema\/logo\/image\/"},"sameAs":["https:\/\/www.instagram.com\/hotelalducadivenezia\/"]}]}},"acf":[],"_links":{"self":[{"href":"https:\/\/www.alducadivenezia.com\/de\/wp-json\/wp\/v2\/pages\/1406"}],"collection":[{"href":"https:\/\/www.alducadivenezia.com\/de\/wp-json\/wp\/v2\/pages"}],"about":[{"href":"https:\/\/www.alducadivenezia.com\/de\/wp-json\/wp\/v2\/types\/page"}],"author":[{"embeddable":true,"href":"https:\/\/www.alducadivenezia.com\/de\/wp-json\/wp\/v2\/users\/12"}],"replies":[{"embeddable":true,"href":"https:\/\/www.alducadivenezia.com\/de\/wp-json\/wp\/v2\/comments?post=1406"}],"version-history":[{"count":0,"href":"https:\/\/www.alducadivenezia.com\/de\/wp-json\/wp\/v2\/pages\/1406\/revisions"}],"up":[{"embeddable":true,"href":"https:\/\/www.alducadivenezia.com\/de\/wp-json\/wp\/v2\/pages\/1433"}],"wp:featuredmedia":[{"embeddable":true,"href":"https:\/\/www.alducadivenezia.com\/de\/wp-json\/wp\/v2\/media\/417"}],"wp:attachment":[{"href":"https:\/\/www.alducadivenezia.com\/de\/wp-json\/wp\/v2\/media?parent=1406"}],"curies":[{"name":"wp","href":"https:\/\/api.w.org\/{rel}","templated":true}]}}